{"id":140,"date":"2020-12-15T11:57:55","date_gmt":"2020-12-15T11:57:55","guid":{"rendered":"https:\/\/aksehir.web.tr\/?page_id=140"},"modified":"2021-03-02T18:42:50","modified_gmt":"2021-03-02T18:42:50","slug":"cografya","status":"publish","type":"page","link":"https:\/\/aksehir.web.tr\/?page_id=140","title":{"rendered":""},"content":{"rendered":"<p><span style=\"font-family: verdana, geneva, sans-serif; font-size: 12pt; color: #808080;\"><img loading=\"lazy\" decoding=\"async\" class=\"aligncenter size-full wp-image-483\" src=\"https:\/\/aksehir.web.tr\/wp-content\/uploads\/2020\/12\/cog1-1.jpg\" alt=\"\" width=\"960\" height=\"124\" srcset=\"https:\/\/aksehir.web.tr\/wp-content\/uploads\/2020\/12\/cog1-1.jpg 960w, https:\/\/aksehir.web.tr\/wp-content\/uploads\/2020\/12\/cog1-1-300x39.jpg 300w, https:\/\/aksehir.web.tr\/wp-content\/uploads\/2020\/12\/cog1-1-768x99.jpg 768w\" sizes=\"auto, (max-width: 960px) 100vw, 960px\" \/><\/span><\/p>\n<p style=\"text-align: center;\"><span style=\"font-family: verdana, geneva, sans-serif; font-size: 14pt; color: #808080;\">A K \u015e E H \u0130 R\u00a0 \u00a0C O \u011e R A F \u0130\u00a0 \u00a0K O N U M U<\/span><\/p>\n<p><span style=\"font-family: verdana, geneva, sans-serif; font-size: 12pt; color: #808080;\">Ak\u015fehir ve \u00e7evresi tabii g\u00fczellikleri, bereketli topraklar\u0131 ve ye\u015fil bitki \u00f6rt\u00fcs\u00fc ile i\u00e7 anadolu b\u00f6lgesinin g\u00f6zde il\u00e7esidir. 31\u00ba, 24\u00af, 45= do\u011fu boylam\u0131, 38\u00ba, 02\u00af, 00= kuzey enlemleri aras\u0131nda yer almakla beraber, kuzeydo\u011fusunda Ankara, kuzeyde Eski\u015fehir, kuzeybat\u0131da Afyon, do\u011fu ve g\u00fcneybat\u0131da Konya, bat\u0131da Isparta illeri ve Ak\u015fehir il\u00e7e merkezinin kuzeyinde Ak\u015fehir g\u00f6l\u00fc ile \u00e7evrilidir. \u0130l\u00e7e y\u00fcz\u00f6l\u00e7\u00fcm\u00fc 1442 km2 dir. Denizden y\u00fcksekli\u011fi 1050 m dir. G\u00fcneybat\u0131 kesiminde yer alan Konya iline ba\u011fl\u0131 Ak\u015fehir il\u00e7esi, Konya Afyon karayolu \u00fczerinde olup Konya iline 135 km. Afyon iline 90 km. Mesafededir.<\/span><\/p>\n<p><span style=\"font-family: verdana, geneva, sans-serif; font-size: 12pt; color: #808080;\">\u0130\u00e7 anadolu b\u00f6lgesinin pek mutena bir b\u00f6lgesini te\u015fkil eden Ak\u015fehir ve sultan da\u011flar\u0131n\u0131n iki b\u00f6l\u00fcm\u00fc tabiat, iklim, ekonomik ve sosyal bak\u0131mdan di\u011fer yerlerden ayr\u0131 ve kendine has bir \u00f6zelli\u011fe sahiptir. Sart tan ba\u015flayarak ninova ya kadar uzanan ve tarihte KRAL YOLU olarak bilinen \u00fcnl\u00fc ticaret yolunun ge\u00e7ti\u011fi kent g\u00fcn\u00fcm\u00fczde de ayn\u0131 \u00f6nemi korumaktad\u0131r . \u015eehir merkezinin yak\u0131n \u00e7evresi yerle\u015fim alan\u0131 olarak geli\u015firken d\u0131\u015f k\u0131s\u0131mlar\u0131 tar\u0131msal karakterli olup sulu ve kuru tar\u0131m yap\u0131lmaktad\u0131r. Sebze ve meyvecilik geli\u015fmi\u015f olup tah\u0131l \u00fcr\u00fcnleri, pancar, hububat, baklagiller, sanayi bitkileri ve hayvan yemlaeri de \u00f6nemli bir yer tutmaktad\u0131r.<\/span><\/p>\n<p><span style=\"font-family: verdana, geneva, sans-serif; font-size: 12pt; color: #808080;\">B\u00f6lgenin iklimi karasal iklimdir. Bunun yan\u0131nda i\u00e7 anadolu ve i\u00e7 bat\u0131 anadolu iklimlerinin ge\u00e7it yeridir. Yazlar s\u0131cak ve kurak, k\u0131\u015flar so\u011fuk ve ya\u011f\u0131\u015fl\u0131d\u0131r. Y\u0131ll\u0131k ya\u011f\u0131\u015f miktar\u0131 690 m3.d\u00fcr. Ya\u011f\u0131\u015flar daha \u00e7ok k\u0131\u015f ve ilkbahar aylar\u0131nda d\u00fc\u015fer. K\u0131\u015f\u0131n sert g\u00fcnlerini bahar\u0131, yaz\u0131 and\u0131ran g\u00fcnleri takip eder. Ak\u015fehir ve \u00e7evresi i\u00e7 anadolu b\u00f6lgesinin en fazla ya\u011f\u0131\u015f alan b\u00f6lgelerinden birisidir. Y\u0131ll\u0131k s\u0131cakl\u0131k ortalamas\u0131 12 c\u00ba dir. En \u00f6nemli r\u00fczgar\u0131 g\u00fcneybat\u0131dan esmektedir. Halk aras\u0131nda gedavet denilen sam yeli de s\u0131k s\u0131k hissedilir. (bir g\u00fcnde d\u00f6rt mevsimi Ak\u015fehir de ya\u015fayabilirsiniz.)<\/span><\/p>\n<p><span style=\"font-family: verdana, geneva, sans-serif; font-size: 12pt; color: #808080;\">\u0130l\u00e7e merkezinin g\u00fcneyindeki sultan da\u011flar\u0131 dizisi ve kuzeyindeki Ak\u015fehir g\u00f6l\u00fc su toplama havzas\u0131 b\u00f6lgenin morfolojik yap\u0131s\u0131n\u0131 te\u015fkil eder. Kuzeybat\u0131-g\u00fcneybat\u0131 istikametindeki sultan da\u011flar\u0131 dizisinde Ak\u015fehir il\u00e7e merkezi g\u00fcneyinde Tekkekale tepe 1664 metre, \u00c7aml\u0131k tepe 1731 metre ve en y\u00fcksek tepesi olan Gelincikana tepesi 2610 m. Y\u00fcksekliktedir. Ak\u015fehir g\u00f6l\u00fc ise denizden 958 metre y\u00fcksekliktedir.<\/span><\/p>\n<p><span style=\"font-family: verdana, geneva, sans-serif; font-size: 12pt; color: #808080;\">\u015eehrin \u00f6nemli morfolojik eleman\u0131n\u0131 al\u00fcvyonal yelpazeler olu\u015fturmaktad\u0131r. Sultanda\u011flar\u0131 eteklerinde al\u00fcvyon yelpazeleri d\u00fczl\u00fckler meydana getirmi\u015flerdir. Bu d\u00fczl\u00fckler yerle\u015fim yerleri olarak i\u015fgal edilmi\u015f olup b\u00fcy\u00fck bir k\u0131sm\u0131 da tar\u0131m alanlar\u0131 olarak de\u011ferlendirilmektedir.<\/span><\/p>\n<p><span style=\"font-family: verdana, geneva, sans-serif; font-size: 12pt; color: #808080;\">G\u00f6l seviyesinin son y\u0131llarda d\u00fc\u015f\u00fcyor olmas\u0131 sebebiyle al\u00fcvyon yelpazeleri olu\u015fturan akarsular, yataklar\u0131n\u0131 derinle\u015ftirmi\u015fler ve kendilerini g\u00f6mm\u00fc\u015flerdir. Bu y\u00fczden al\u00fcvyon yelpazeleri uzun eksen boyunca de\u015fildikleri g\u00f6r\u00fcl\u00fcr. Al\u00fcvyon yelpazelerinin temele yasland\u0131klar\u0131 yerlerde rak\u0131m ortalama 1150 metredir. Eski g\u00f6l yata\u011f\u0131n\u0131n ba\u015flang\u0131c\u0131, bir ba\u015fka ifade ile d\u0131\u015f yelpazenin u\u00e7 k\u0131s\u0131mlar\u0131ndaki ortalama rak\u0131m ise 1000 metre olup halen al\u00fcvyon yelpazelerinin 150 metrelik bir tortul kamas\u0131 te\u015fkil ettikleri g\u00f6r\u00fclmektedir.<\/span><\/p>\n<p>&nbsp;<\/p>\n<div id='gallery-1' class='gallery galleryid-140 gallery-columns-3 gallery-size-full'><figure class='gallery-item'>\n\t\t\t<div class='gallery-icon landscape'>\n\t\t\t\t<a href='https:\/\/aksehir.web.tr\/?attachment_id=319'><img loading=\"lazy\" decoding=\"async\" width=\"315\" height=\"177\" src=\"https:\/\/aksehir.web.tr\/wp-content\/uploads\/2020\/12\/cog5.jpg\" class=\"attachment-full size-full\" alt=\"\" srcset=\"https:\/\/aksehir.web.tr\/wp-content\/uploads\/2020\/12\/cog5.jpg 315w, https:\/\/aksehir.web.tr\/wp-content\/uploads\/2020\/12\/cog5-300x169.jpg 300w\" sizes=\"auto, (max-width: 315px) 100vw, 315px\" \/><\/a>\n\t\t\t<\/div><\/figure><figure class='gallery-item'>\n\t\t\t<div class='gallery-icon landscape'>\n\t\t\t\t<a href='https:\/\/aksehir.web.tr\/?attachment_id=317'><img loading=\"lazy\" decoding=\"async\" width=\"315\" height=\"177\" src=\"https:\/\/aksehir.web.tr\/wp-content\/uploads\/2020\/12\/cog6.jpg\" class=\"attachment-full size-full\" alt=\"\" srcset=\"https:\/\/aksehir.web.tr\/wp-content\/uploads\/2020\/12\/cog6.jpg 315w, https:\/\/aksehir.web.tr\/wp-content\/uploads\/2020\/12\/cog6-300x169.jpg 300w\" sizes=\"auto, (max-width: 315px) 100vw, 315px\" \/><\/a>\n\t\t\t<\/div><\/figure><figure class='gallery-item'>\n\t\t\t<div class='gallery-icon landscape'>\n\t\t\t\t<a href='https:\/\/aksehir.web.tr\/?attachment_id=318'><img loading=\"lazy\" decoding=\"async\" width=\"315\" height=\"177\" src=\"https:\/\/aksehir.web.tr\/wp-content\/uploads\/2020\/12\/cog2.jpg\" class=\"attachment-full size-full\" alt=\"\" srcset=\"https:\/\/aksehir.web.tr\/wp-content\/uploads\/2020\/12\/cog2.jpg 315w, https:\/\/aksehir.web.tr\/wp-content\/uploads\/2020\/12\/cog2-300x169.jpg 300w\" sizes=\"auto, (max-width: 315px) 100vw, 315px\" \/><\/a>\n\t\t\t<\/div><\/figure>\n\t\t<\/div>\n\n<p>&nbsp;<\/p>\n","protected":false},"excerpt":{"rendered":"<p>A K \u015e E H \u0130 R\u00a0 \u00a0C O \u011e R A F \u0130\u00a0 \u00a0K O N U M U<\/p>\n","protected":false},"author":1,"featured_media":0,"parent":0,"menu_order":0,"comment_status":"closed","ping_status":"closed","template":"","meta":{"footnotes":""},"class_list":["post-140","page","type-page","status-publish","hentry"],"yoast_head":"<!-- This site is optimized with the Yoast SEO plugin v27.6 - https:\/\/yoast.com\/product\/yoast-seo-wordpress\/ -->\n<title>- Ak\u015fehir.web.tr<\/title>\n<meta name=\"robots\" content=\"index, follow, max-snippet:-1, max-image-preview:large, max-video-preview:-1\" \/>\n<link rel=\"canonical\" href=\"https:\/\/aksehir.web.tr\/?page_id=140\" \/>\n<meta property=\"og:locale\" content=\"tr_TR\" \/>\n<meta property=\"og:type\" content=\"article\" \/>\n<meta property=\"og:title\" content=\"- Ak\u015fehir.web.tr\" \/>\n<meta property=\"og:description\" content=\"A K \u015e E H \u0130 R\u00a0 \u00a0C O \u011e R A F \u0130\u00a0 \u00a0K O N U M U\" \/>\n<meta property=\"og:url\" content=\"https:\/\/aksehir.web.tr\/?page_id=140\" \/>\n<meta property=\"og:site_name\" content=\"Ak\u015fehir.web.tr\" \/>\n<meta property=\"article:modified_time\" content=\"2021-03-02T18:42:50+00:00\" \/>\n<meta property=\"og:image\" content=\"https:\/\/aksehir.web.tr\/wp-content\/uploads\/2020\/12\/cog5.jpg\" \/>\n<meta name=\"twitter:card\" content=\"summary_large_image\" \/>\n<meta name=\"twitter:label1\" content=\"Tahmini okuma s\u00fcresi\" \/>\n\t<meta name=\"twitter:data1\" content=\"3 dakika\" \/>\n<script type=\"application\/ld+json\" class=\"yoast-schema-graph\">{\"@context\":\"https:\\\/\\\/schema.org\",\"@graph\":[{\"@type\":\"WebPage\",\"@id\":\"https:\\\/\\\/aksehir.web.tr\\\/?page_id=140\",\"url\":\"https:\\\/\\\/aksehir.web.tr\\\/?page_id=140\",\"name\":\"- Ak\u015fehir.web.tr\",\"isPartOf\":{\"@id\":\"https:\\\/\\\/aksehir.web.tr\\\/#website\"},\"primaryImageOfPage\":{\"@id\":\"https:\\\/\\\/aksehir.web.tr\\\/?page_id=140#primaryimage\"},\"image\":{\"@id\":\"https:\\\/\\\/aksehir.web.tr\\\/?page_id=140#primaryimage\"},\"thumbnailUrl\":\"https:\\\/\\\/aksehir.web.tr\\\/wp-content\\\/uploads\\\/2020\\\/12\\\/cog1-1.jpg\",\"datePublished\":\"2020-12-15T11:57:55+00:00\",\"dateModified\":\"2021-03-02T18:42:50+00:00\",\"inLanguage\":\"tr\",\"potentialAction\":[{\"@type\":\"ReadAction\",\"target\":[\"https:\\\/\\\/aksehir.web.tr\\\/?page_id=140\"]}]},{\"@type\":\"ImageObject\",\"inLanguage\":\"tr\",\"@id\":\"https:\\\/\\\/aksehir.web.tr\\\/?page_id=140#primaryimage\",\"url\":\"https:\\\/\\\/aksehir.web.tr\\\/wp-content\\\/uploads\\\/2020\\\/12\\\/cog1-1.jpg\",\"contentUrl\":\"https:\\\/\\\/aksehir.web.tr\\\/wp-content\\\/uploads\\\/2020\\\/12\\\/cog1-1.jpg\",\"width\":960,\"height\":124},{\"@type\":\"WebSite\",\"@id\":\"https:\\\/\\\/aksehir.web.tr\\\/#website\",\"url\":\"https:\\\/\\\/aksehir.web.tr\\\/\",\"name\":\"Ak\u015fehir\",\"description\":\"D\u00fcnyan\u0131n Ortas\u0131na Ho\u015fgeldiniz\",\"publisher\":{\"@id\":\"https:\\\/\\\/aksehir.web.tr\\\/#\\\/schema\\\/person\\\/6ab2d6737a97da61e188d3f186a6ffca\"},\"potentialAction\":[{\"@type\":\"SearchAction\",\"target\":{\"@type\":\"EntryPoint\",\"urlTemplate\":\"https:\\\/\\\/aksehir.web.tr\\\/?s={search_term_string}\"},\"query-input\":{\"@type\":\"PropertyValueSpecification\",\"valueRequired\":true,\"valueName\":\"search_term_string\"}}],\"inLanguage\":\"tr\"},{\"@type\":[\"Person\",\"Organization\"],\"@id\":\"https:\\\/\\\/aksehir.web.tr\\\/#\\\/schema\\\/person\\\/6ab2d6737a97da61e188d3f186a6ffca\",\"name\":\"admin\",\"image\":{\"@type\":\"ImageObject\",\"inLanguage\":\"tr\",\"@id\":\"https:\\\/\\\/aksehir.web.tr\\\/wp-content\\\/uploads\\\/2020\\\/12\\\/cropped-cropped-bbbaslik.png\",\"url\":\"https:\\\/\\\/aksehir.web.tr\\\/wp-content\\\/uploads\\\/2020\\\/12\\\/cropped-cropped-bbbaslik.png\",\"contentUrl\":\"https:\\\/\\\/aksehir.web.tr\\\/wp-content\\\/uploads\\\/2020\\\/12\\\/cropped-cropped-bbbaslik.png\",\"width\":960,\"height\":80,\"caption\":\"admin\"},\"logo\":{\"@id\":\"https:\\\/\\\/aksehir.web.tr\\\/wp-content\\\/uploads\\\/2020\\\/12\\\/cropped-cropped-bbbaslik.png\"}}]}<\/script>\n<!-- \/ Yoast SEO plugin. -->","yoast_head_json":{"title":"- Ak\u015fehir.web.tr","robots":{"index":"index","follow":"follow","max-snippet":"max-snippet:-1","max-image-preview":"max-image-preview:large","max-video-preview":"max-video-preview:-1"},"canonical":"https:\/\/aksehir.web.tr\/?page_id=140","og_locale":"tr_TR","og_type":"article","og_title":"- Ak\u015fehir.web.tr","og_description":"A K \u015e E H \u0130 R\u00a0 \u00a0C O \u011e R A F \u0130\u00a0 \u00a0K O N U M U","og_url":"https:\/\/aksehir.web.tr\/?page_id=140","og_site_name":"Ak\u015fehir.web.tr","article_modified_time":"2021-03-02T18:42:50+00:00","og_image":[{"url":"https:\/\/aksehir.web.tr\/wp-content\/uploads\/2020\/12\/cog5.jpg","type":"","width":"","height":""}],"twitter_card":"summary_large_image","twitter_misc":{"Tahmini okuma s\u00fcresi":"3 dakika"},"schema":{"@context":"https:\/\/schema.org","@graph":[{"@type":"WebPage","@id":"https:\/\/aksehir.web.tr\/?page_id=140","url":"https:\/\/aksehir.web.tr\/?page_id=140","name":"- Ak\u015fehir.web.tr","isPartOf":{"@id":"https:\/\/aksehir.web.tr\/#website"},"primaryImageOfPage":{"@id":"https:\/\/aksehir.web.tr\/?page_id=140#primaryimage"},"image":{"@id":"https:\/\/aksehir.web.tr\/?page_id=140#primaryimage"},"thumbnailUrl":"https:\/\/aksehir.web.tr\/wp-content\/uploads\/2020\/12\/cog1-1.jpg","datePublished":"2020-12-15T11:57:55+00:00","dateModified":"2021-03-02T18:42:50+00:00","inLanguage":"tr","potentialAction":[{"@type":"ReadAction","target":["https:\/\/aksehir.web.tr\/?page_id=140"]}]},{"@type":"ImageObject","inLanguage":"tr","@id":"https:\/\/aksehir.web.tr\/?page_id=140#primaryimage","url":"https:\/\/aksehir.web.tr\/wp-content\/uploads\/2020\/12\/cog1-1.jpg","contentUrl":"https:\/\/aksehir.web.tr\/wp-content\/uploads\/2020\/12\/cog1-1.jpg","width":960,"height":124},{"@type":"WebSite","@id":"https:\/\/aksehir.web.tr\/#website","url":"https:\/\/aksehir.web.tr\/","name":"Ak\u015fehir","description":"D\u00fcnyan\u0131n Ortas\u0131na Ho\u015fgeldiniz","publisher":{"@id":"https:\/\/aksehir.web.tr\/#\/schema\/person\/6ab2d6737a97da61e188d3f186a6ffca"},"potentialAction":[{"@type":"SearchAction","target":{"@type":"EntryPoint","urlTemplate":"https:\/\/aksehir.web.tr\/?s={search_term_string}"},"query-input":{"@type":"PropertyValueSpecification","valueRequired":true,"valueName":"search_term_string"}}],"inLanguage":"tr"},{"@type":["Person","Organization"],"@id":"https:\/\/aksehir.web.tr\/#\/schema\/person\/6ab2d6737a97da61e188d3f186a6ffca","name":"admin","image":{"@type":"ImageObject","inLanguage":"tr","@id":"https:\/\/aksehir.web.tr\/wp-content\/uploads\/2020\/12\/cropped-cropped-bbbaslik.png","url":"https:\/\/aksehir.web.tr\/wp-content\/uploads\/2020\/12\/cropped-cropped-bbbaslik.png","contentUrl":"https:\/\/aksehir.web.tr\/wp-content\/uploads\/2020\/12\/cropped-cropped-bbbaslik.png","width":960,"height":80,"caption":"admin"},"logo":{"@id":"https:\/\/aksehir.web.tr\/wp-content\/uploads\/2020\/12\/cropped-cropped-bbbaslik.png"}}]}},"_links":{"self":[{"href":"https:\/\/aksehir.web.tr\/index.php?rest_route=\/wp\/v2\/pages\/140","targetHints":{"allow":["GET"]}}],"collection":[{"href":"https:\/\/aksehir.web.tr\/index.php?rest_route=\/wp\/v2\/pages"}],"about":[{"href":"https:\/\/aksehir.web.tr\/index.php?rest_route=\/wp\/v2\/types\/page"}],"author":[{"embeddable":true,"href":"https:\/\/aksehir.web.tr\/index.php?rest_route=\/wp\/v2\/users\/1"}],"replies":[{"embeddable":true,"href":"https:\/\/aksehir.web.tr\/index.php?rest_route=%2Fwp%2Fv2%2Fcomments&post=140"}],"version-history":[{"count":14,"href":"https:\/\/aksehir.web.tr\/index.php?rest_route=\/wp\/v2\/pages\/140\/revisions"}],"predecessor-version":[{"id":1995,"href":"https:\/\/aksehir.web.tr\/index.php?rest_route=\/wp\/v2\/pages\/140\/revisions\/1995"}],"wp:attachment":[{"href":"https:\/\/aksehir.web.tr\/index.php?rest_route=%2Fwp%2Fv2%2Fmedia&parent=140"}],"curies":[{"name":"wp","href":"https:\/\/api.w.org\/{rel}","templated":true}]}}