{"id":141,"date":"2020-12-15T11:57:55","date_gmt":"2020-12-15T11:57:55","guid":{"rendered":"https:\/\/aksehir.web.tr\/?page_id=141"},"modified":"2021-03-02T19:06:35","modified_gmt":"2021-03-02T19:06:35","slug":"yerlesim","status":"publish","type":"page","link":"https:\/\/aksehir.web.tr\/?page_id=141","title":{"rendered":""},"content":{"rendered":"<p style=\"text-align: center;\"><span style=\"font-family: verdana, geneva, sans-serif; color: #808080; font-size: 14pt;\">Y\u00a0 E\u00a0 R\u00a0 L\u00a0 E\u00a0 \u015e\u00a0 \u0130\u00a0 M<\/span><\/p>\n<p><span style=\"font-family: verdana, geneva, sans-serif; font-size: 12pt; color: #808080;\">\u0130l\u00e7enin yerle\u015fim birimi olarak kurulu\u015f tarihi kesin olarak belli de\u011fildir. Anadolu tarihine yak\u0131n bir tarihi vard\u0131r. B\u00f6lgede Hitit (M.\u00d6.1800-1200) Frigya, Lidya, Roma ve Bizansl\u0131lar yerle\u015fmi\u015f 1447 y\u0131l\u0131nda ise Osmanl\u0131&#8217;lar\u0131n eline ge\u00e7mi\u015ftir. Kesin belli olmamakla 1868 y\u0131l\u0131nda il\u00e7e 1854 y\u0131l\u0131nda belediye olarak te\u015fkilatlanm\u0131\u015ft\u0131r.<\/span><\/p>\n<p><span style=\"font-family: verdana, geneva, sans-serif; font-size: 12pt; color: #808080;\">\u0130l\u00e7e, bat\u0131s\u0131nda bulunan Sultan Da\u011flar\u0131 eteklerinde d\u00fcz bir ova \u00fczerinde kurulmu\u015ftur. Kuzeyinde Tuzluk\u00e7u, do\u011fusunda Ilg\u0131n \u0130l\u00e7eleri, g\u00fcneyinde Isparta ile \u00e7evrilidir. \u0130l\u00e7enin kuzeyinde Ak\u015fehir G\u00f6l\u00fc vard\u0131<\/span><\/p>\n<p><span style=\"font-size: 12pt;\"><img loading=\"lazy\" decoding=\"async\" class=\"aligncenter size-full wp-image-344\" src=\"https:\/\/aksehir.web.tr\/wp-content\/uploads\/2020\/12\/cog4.jpg\" alt=\"\" width=\"960\" height=\"212\" srcset=\"https:\/\/aksehir.web.tr\/wp-content\/uploads\/2020\/12\/cog4.jpg 960w, https:\/\/aksehir.web.tr\/wp-content\/uploads\/2020\/12\/cog4-300x66.jpg 300w, https:\/\/aksehir.web.tr\/wp-content\/uploads\/2020\/12\/cog4-768x170.jpg 768w\" sizes=\"auto, (max-width: 960px) 100vw, 960px\" \/><\/span><\/p>\n<p><span style=\"font-family: verdana, geneva, sans-serif; color: #808080; font-size: 12pt;\">MERKEZ\u00a0 MAHALLELER<\/span><\/p>\n<p><span style=\"font-family: verdana, geneva, sans-serif; font-size: 12pt; color: #808080;\">Ahicelal Mahallesi<\/span><br \/>\n<span style=\"font-family: verdana, geneva, sans-serif; font-size: 12pt; color: #808080;\">Altunkalem Mahallesi<\/span><br \/>\n<span style=\"font-family: verdana, geneva, sans-serif; font-size: 12pt; color: #808080;\">An\u0131t Mahallesi<\/span><br \/>\n<span style=\"font-family: verdana, geneva, sans-serif; font-size: 12pt; color: #808080;\">\u00c7ay Mahallesi<\/span><br \/>\n<span style=\"font-family: verdana, geneva, sans-serif; font-size: 12pt; color: #808080;\">\u00c7imenli Mahallesi<\/span><br \/>\n<span style=\"font-family: verdana, geneva, sans-serif; font-size: 12pt; color: #808080;\">Eskikale Mahallesi<\/span><br \/>\n<span style=\"font-family: verdana, geneva, sans-serif; font-size: 12pt; color: #808080;\">Gazi Mahallesi<\/span><br \/>\n<span style=\"font-family: verdana, geneva, sans-serif; font-size: 12pt; color: #808080;\">K\u0131z\u0131lca Mahallesi<\/span><br \/>\n<span style=\"font-family: verdana, geneva, sans-serif; font-size: 12pt; color: #808080;\">Kileci Mahallesi<\/span><br \/>\n<span style=\"font-family: verdana, geneva, sans-serif; font-size: 12pt; color: #808080;\">Koza\u011fa\u00e7 Mahallesi<\/span><br \/>\n<span style=\"font-family: verdana, geneva, sans-serif; font-size: 12pt; color: #808080;\">Kuru\u00e7ay Mahallesi<\/span><br \/>\n<span style=\"font-family: verdana, geneva, sans-serif; font-size: 12pt; color: #808080;\">Ku\u015f\u00e7u Mahallesi<\/span><br \/>\n<span style=\"font-family: verdana, geneva, sans-serif; font-size: 12pt; color: #808080;\">\u0130stasyon Mahallesi<\/span><br \/>\n<span style=\"font-family: verdana, geneva, sans-serif; font-size: 12pt; color: #808080;\">Meydan Mahallesi<\/span><br \/>\n<span style=\"font-family: verdana, geneva, sans-serif; font-size: 12pt; color: #808080;\">Nasreddin Mahallesi<\/span><br \/>\n<span style=\"font-family: verdana, geneva, sans-serif; font-size: 12pt; color: #808080;\">Sel\u00e7uk Mahallesi<\/span><br \/>\n<span style=\"font-family: verdana, geneva, sans-serif; font-size: 12pt; color: #808080;\">Seyran Mahallesi<\/span><br \/>\n<span style=\"font-family: verdana, geneva, sans-serif; font-size: 12pt; color: #808080;\">Tipi Mahallesi<\/span><br \/>\n<span style=\"font-family: verdana, geneva, sans-serif; font-size: 12pt; color: #808080;\">Yarenler Mahallesi<\/span><br \/>\n<span style=\"font-family: verdana, geneva, sans-serif; font-size: 12pt; color: #808080;\">Yeni Mahallesi<\/span><br \/>\n<span style=\"font-family: verdana, geneva, sans-serif; font-size: 12pt; color: #808080;\">Y\u0131ld\u0131r\u0131m Mahallesi<\/span><\/p>\n<p><span style=\"color: #808080; font-size: 12pt;\"><span style=\"font-family: verdana, geneva, sans-serif;\">MAHALLELER <\/span><span style=\"font-family: verdana, geneva, sans-serif;\">(K\u00d6YLER)<\/span><\/span><\/p>\n<p><span style=\"font-family: verdana, geneva, sans-serif; font-size: 12pt; color: #808080;\">Ads\u0131z<\/span><br \/>\n<span style=\"font-family: verdana, geneva, sans-serif; font-size: 12pt; color: #808080;\">Altunta\u015f<\/span><br \/>\n<span style=\"font-family: verdana, geneva, sans-serif; font-size: 12pt; color: #808080;\">Alanyurt<\/span><br \/>\n<span style=\"font-family: verdana, geneva, sans-serif; font-size: 12pt; color: #808080;\">Atakent<\/span><br \/>\n<span style=\"font-family: verdana, geneva, sans-serif; font-size: 12pt; color: #808080;\">Bozla\u011fan<\/span><br \/>\n<span style=\"font-family: verdana, geneva, sans-serif; font-size: 12pt; color: #808080;\">Cankurtaran<\/span><br \/>\n<span style=\"font-family: verdana, geneva, sans-serif; font-size: 12pt; color: #808080;\">\u00c7ak\u0131llar<\/span><br \/>\n<span style=\"font-family: verdana, geneva, sans-serif; font-size: 12pt; color: #808080;\">\u00c7aml\u0131bel<\/span><br \/>\n<span style=\"font-family: verdana, geneva, sans-serif; font-size: 12pt; color: #808080;\">Do\u011frug\u00f6z<\/span><br \/>\n<span style=\"font-family: verdana, geneva, sans-serif; font-size: 12pt; color: #808080;\">\u00c7aml\u0131<\/span><br \/>\n<span style=\"font-family: verdana, geneva, sans-serif; font-size: 12pt; color: #808080;\">\u00c7imendere<\/span><br \/>\n<span style=\"font-family: verdana, geneva, sans-serif; font-size: 12pt; color: #808080;\">De\u011firmenk\u00f6y<\/span><br \/>\n<span style=\"font-family: verdana, geneva, sans-serif; font-size: 12pt; color: #808080;\">Engili<\/span><br \/>\n<span style=\"font-family: verdana, geneva, sans-serif; font-size: 12pt; color: #808080;\">Gedil<\/span><br \/>\n<span style=\"font-family: verdana, geneva, sans-serif; font-size: 12pt; color: #808080;\">G\u00f6l\u00e7ay\u0131<\/span><br \/>\n<span style=\"font-family: verdana, geneva, sans-serif; font-size: 12pt; color: #808080;\">G\u00f6zp\u0131nar\u0131<\/span><br \/>\n<span style=\"font-family: verdana, geneva, sans-serif; font-size: 12pt; color: #808080;\">Karah\u00fcy\u00fck<\/span><br \/>\n<span style=\"font-family: verdana, geneva, sans-serif; font-size: 12pt; color: #808080;\">Ortaca<\/span><br \/>\n<span style=\"font-family: verdana, geneva, sans-serif; font-size: 12pt; color: #808080;\">Ortak\u00f6y<\/span><br \/>\n<span style=\"font-family: verdana, geneva, sans-serif; font-size: 12pt; color: #808080;\">Reis<\/span><br \/>\n<span style=\"font-family: verdana, geneva, sans-serif; font-size: 12pt; color: #808080;\">Saray<\/span><br \/>\n<span style=\"font-family: verdana, geneva, sans-serif; font-size: 12pt; color: #808080;\">Sava\u015f<\/span><br \/>\n<span style=\"font-family: verdana, geneva, sans-serif; font-size: 12pt; color: #808080;\">Sorkun<\/span><br \/>\n<span style=\"font-family: verdana, geneva, sans-serif; font-size: 12pt; color: #808080;\">S\u00f6\u011f\u00fctl\u00fc<\/span><br \/>\n<span style=\"font-family: verdana, geneva, sans-serif; font-size: 12pt; color: #808080;\">Tipik\u00f6y<\/span><br \/>\n<span style=\"font-family: verdana, geneva, sans-serif; font-size: 12pt; color: #808080;\">Tekke<\/span><br \/>\n<span style=\"font-family: verdana, geneva, sans-serif; font-size: 12pt; color: #808080;\">Ulup\u0131nar<\/span><br \/>\n<span style=\"font-family: verdana, geneva, sans-serif; font-size: 12pt; color: #808080;\">\u00dc\u00e7h\u00fcy\u00fck<\/span><br \/>\n<span style=\"font-family: verdana, geneva, sans-serif; font-size: 12pt; color: #808080;\">Ya\u015farlar<\/span><br \/>\n<span style=\"font-family: verdana, geneva, sans-serif; font-size: 12pt; color: #808080;\">Yaylabelen<\/span><br \/>\n<span style=\"font-family: verdana, geneva, sans-serif; font-size: 12pt; color: #808080;\">Yazla<\/span><br \/>\n<span style=\"font-family: verdana, geneva, sans-serif; font-size: 12pt; color: #808080;\">Ye\u015filk\u00f6y<\/span><br \/>\n<span style=\"font-family: verdana, geneva, sans-serif; font-size: 12pt; color: #808080;\">Yenik\u00f6y<\/span><\/p>\n<p>&nbsp;<\/p>\n","protected":false},"excerpt":{"rendered":"<p>Y\u00a0 E\u00a0 R\u00a0 L\u00a0 E\u00a0 \u015e\u00a0 \u0130\u00a0 M \u0130l\u00e7enin yerle\u015fim birimi olarak kurulu\u015f tarihi kesin olarak belli de\u011fildir. Anadolu tarihine<\/p>\n","protected":false},"author":1,"featured_media":0,"parent":0,"menu_order":0,"comment_status":"closed","ping_status":"closed","template":"","meta":{"footnotes":""},"class_list":["post-141","page","type-page","status-publish","hentry"],"yoast_head":"<!-- This site is optimized with the Yoast SEO plugin v27.6 - https:\/\/yoast.com\/product\/yoast-seo-wordpress\/ -->\n<title>- Ak\u015fehir.web.tr<\/title>\n<meta name=\"robots\" content=\"index, follow, max-snippet:-1, max-image-preview:large, max-video-preview:-1\" \/>\n<link rel=\"canonical\" href=\"https:\/\/aksehir.web.tr\/?page_id=141\" \/>\n<meta property=\"og:locale\" content=\"tr_TR\" \/>\n<meta property=\"og:type\" content=\"article\" \/>\n<meta property=\"og:title\" content=\"- Ak\u015fehir.web.tr\" \/>\n<meta property=\"og:description\" content=\"Y\u00a0 E\u00a0 R\u00a0 L\u00a0 E\u00a0 \u015e\u00a0 \u0130\u00a0 M \u0130l\u00e7enin yerle\u015fim birimi olarak kurulu\u015f tarihi kesin olarak belli de\u011fildir. Anadolu tarihine\" \/>\n<meta property=\"og:url\" content=\"https:\/\/aksehir.web.tr\/?page_id=141\" \/>\n<meta property=\"og:site_name\" content=\"Ak\u015fehir.web.tr\" \/>\n<meta property=\"article:modified_time\" content=\"2021-03-02T19:06:35+00:00\" \/>\n<meta property=\"og:image\" content=\"https:\/\/aksehir.web.tr\/wp-content\/uploads\/2020\/12\/cog4.jpg\" \/>\n<meta name=\"twitter:card\" content=\"summary_large_image\" \/>\n<meta name=\"twitter:label1\" content=\"Tahmini okuma s\u00fcresi\" \/>\n\t<meta name=\"twitter:data1\" content=\"1 dakika\" \/>\n<script type=\"application\/ld+json\" class=\"yoast-schema-graph\">{\"@context\":\"https:\\\/\\\/schema.org\",\"@graph\":[{\"@type\":\"WebPage\",\"@id\":\"https:\\\/\\\/aksehir.web.tr\\\/?page_id=141\",\"url\":\"https:\\\/\\\/aksehir.web.tr\\\/?page_id=141\",\"name\":\"- Ak\u015fehir.web.tr\",\"isPartOf\":{\"@id\":\"https:\\\/\\\/aksehir.web.tr\\\/#website\"},\"primaryImageOfPage\":{\"@id\":\"https:\\\/\\\/aksehir.web.tr\\\/?page_id=141#primaryimage\"},\"image\":{\"@id\":\"https:\\\/\\\/aksehir.web.tr\\\/?page_id=141#primaryimage\"},\"thumbnailUrl\":\"https:\\\/\\\/aksehir.web.tr\\\/wp-content\\\/uploads\\\/2020\\\/12\\\/cog4.jpg\",\"datePublished\":\"2020-12-15T11:57:55+00:00\",\"dateModified\":\"2021-03-02T19:06:35+00:00\",\"inLanguage\":\"tr\",\"potentialAction\":[{\"@type\":\"ReadAction\",\"target\":[\"https:\\\/\\\/aksehir.web.tr\\\/?page_id=141\"]}]},{\"@type\":\"ImageObject\",\"inLanguage\":\"tr\",\"@id\":\"https:\\\/\\\/aksehir.web.tr\\\/?page_id=141#primaryimage\",\"url\":\"https:\\\/\\\/aksehir.web.tr\\\/wp-content\\\/uploads\\\/2020\\\/12\\\/cog4.jpg\",\"contentUrl\":\"https:\\\/\\\/aksehir.web.tr\\\/wp-content\\\/uploads\\\/2020\\\/12\\\/cog4.jpg\",\"width\":960,\"height\":212},{\"@type\":\"WebSite\",\"@id\":\"https:\\\/\\\/aksehir.web.tr\\\/#website\",\"url\":\"https:\\\/\\\/aksehir.web.tr\\\/\",\"name\":\"Ak\u015fehir\",\"description\":\"D\u00fcnyan\u0131n Ortas\u0131na Ho\u015fgeldiniz\",\"publisher\":{\"@id\":\"https:\\\/\\\/aksehir.web.tr\\\/#\\\/schema\\\/person\\\/6ab2d6737a97da61e188d3f186a6ffca\"},\"potentialAction\":[{\"@type\":\"SearchAction\",\"target\":{\"@type\":\"EntryPoint\",\"urlTemplate\":\"https:\\\/\\\/aksehir.web.tr\\\/?s={search_term_string}\"},\"query-input\":{\"@type\":\"PropertyValueSpecification\",\"valueRequired\":true,\"valueName\":\"search_term_string\"}}],\"inLanguage\":\"tr\"},{\"@type\":[\"Person\",\"Organization\"],\"@id\":\"https:\\\/\\\/aksehir.web.tr\\\/#\\\/schema\\\/person\\\/6ab2d6737a97da61e188d3f186a6ffca\",\"name\":\"admin\",\"image\":{\"@type\":\"ImageObject\",\"inLanguage\":\"tr\",\"@id\":\"https:\\\/\\\/aksehir.web.tr\\\/wp-content\\\/uploads\\\/2020\\\/12\\\/cropped-cropped-bbbaslik.png\",\"url\":\"https:\\\/\\\/aksehir.web.tr\\\/wp-content\\\/uploads\\\/2020\\\/12\\\/cropped-cropped-bbbaslik.png\",\"contentUrl\":\"https:\\\/\\\/aksehir.web.tr\\\/wp-content\\\/uploads\\\/2020\\\/12\\\/cropped-cropped-bbbaslik.png\",\"width\":960,\"height\":80,\"caption\":\"admin\"},\"logo\":{\"@id\":\"https:\\\/\\\/aksehir.web.tr\\\/wp-content\\\/uploads\\\/2020\\\/12\\\/cropped-cropped-bbbaslik.png\"}}]}<\/script>\n<!-- \/ Yoast SEO plugin. -->","yoast_head_json":{"title":"- Ak\u015fehir.web.tr","robots":{"index":"index","follow":"follow","max-snippet":"max-snippet:-1","max-image-preview":"max-image-preview:large","max-video-preview":"max-video-preview:-1"},"canonical":"https:\/\/aksehir.web.tr\/?page_id=141","og_locale":"tr_TR","og_type":"article","og_title":"- Ak\u015fehir.web.tr","og_description":"Y\u00a0 E\u00a0 R\u00a0 L\u00a0 E\u00a0 \u015e\u00a0 \u0130\u00a0 M \u0130l\u00e7enin yerle\u015fim birimi olarak kurulu\u015f tarihi kesin olarak belli de\u011fildir. Anadolu tarihine","og_url":"https:\/\/aksehir.web.tr\/?page_id=141","og_site_name":"Ak\u015fehir.web.tr","article_modified_time":"2021-03-02T19:06:35+00:00","og_image":[{"url":"https:\/\/aksehir.web.tr\/wp-content\/uploads\/2020\/12\/cog4.jpg","type":"","width":"","height":""}],"twitter_card":"summary_large_image","twitter_misc":{"Tahmini okuma s\u00fcresi":"1 dakika"},"schema":{"@context":"https:\/\/schema.org","@graph":[{"@type":"WebPage","@id":"https:\/\/aksehir.web.tr\/?page_id=141","url":"https:\/\/aksehir.web.tr\/?page_id=141","name":"- Ak\u015fehir.web.tr","isPartOf":{"@id":"https:\/\/aksehir.web.tr\/#website"},"primaryImageOfPage":{"@id":"https:\/\/aksehir.web.tr\/?page_id=141#primaryimage"},"image":{"@id":"https:\/\/aksehir.web.tr\/?page_id=141#primaryimage"},"thumbnailUrl":"https:\/\/aksehir.web.tr\/wp-content\/uploads\/2020\/12\/cog4.jpg","datePublished":"2020-12-15T11:57:55+00:00","dateModified":"2021-03-02T19:06:35+00:00","inLanguage":"tr","potentialAction":[{"@type":"ReadAction","target":["https:\/\/aksehir.web.tr\/?page_id=141"]}]},{"@type":"ImageObject","inLanguage":"tr","@id":"https:\/\/aksehir.web.tr\/?page_id=141#primaryimage","url":"https:\/\/aksehir.web.tr\/wp-content\/uploads\/2020\/12\/cog4.jpg","contentUrl":"https:\/\/aksehir.web.tr\/wp-content\/uploads\/2020\/12\/cog4.jpg","width":960,"height":212},{"@type":"WebSite","@id":"https:\/\/aksehir.web.tr\/#website","url":"https:\/\/aksehir.web.tr\/","name":"Ak\u015fehir","description":"D\u00fcnyan\u0131n Ortas\u0131na Ho\u015fgeldiniz","publisher":{"@id":"https:\/\/aksehir.web.tr\/#\/schema\/person\/6ab2d6737a97da61e188d3f186a6ffca"},"potentialAction":[{"@type":"SearchAction","target":{"@type":"EntryPoint","urlTemplate":"https:\/\/aksehir.web.tr\/?s={search_term_string}"},"query-input":{"@type":"PropertyValueSpecification","valueRequired":true,"valueName":"search_term_string"}}],"inLanguage":"tr"},{"@type":["Person","Organization"],"@id":"https:\/\/aksehir.web.tr\/#\/schema\/person\/6ab2d6737a97da61e188d3f186a6ffca","name":"admin","image":{"@type":"ImageObject","inLanguage":"tr","@id":"https:\/\/aksehir.web.tr\/wp-content\/uploads\/2020\/12\/cropped-cropped-bbbaslik.png","url":"https:\/\/aksehir.web.tr\/wp-content\/uploads\/2020\/12\/cropped-cropped-bbbaslik.png","contentUrl":"https:\/\/aksehir.web.tr\/wp-content\/uploads\/2020\/12\/cropped-cropped-bbbaslik.png","width":960,"height":80,"caption":"admin"},"logo":{"@id":"https:\/\/aksehir.web.tr\/wp-content\/uploads\/2020\/12\/cropped-cropped-bbbaslik.png"}}]}},"_links":{"self":[{"href":"https:\/\/aksehir.web.tr\/index.php?rest_route=\/wp\/v2\/pages\/141","targetHints":{"allow":["GET"]}}],"collection":[{"href":"https:\/\/aksehir.web.tr\/index.php?rest_route=\/wp\/v2\/pages"}],"about":[{"href":"https:\/\/aksehir.web.tr\/index.php?rest_route=\/wp\/v2\/types\/page"}],"author":[{"embeddable":true,"href":"https:\/\/aksehir.web.tr\/index.php?rest_route=\/wp\/v2\/users\/1"}],"replies":[{"embeddable":true,"href":"https:\/\/aksehir.web.tr\/index.php?rest_route=%2Fwp%2Fv2%2Fcomments&post=141"}],"version-history":[{"count":7,"href":"https:\/\/aksehir.web.tr\/index.php?rest_route=\/wp\/v2\/pages\/141\/revisions"}],"predecessor-version":[{"id":2005,"href":"https:\/\/aksehir.web.tr\/index.php?rest_route=\/wp\/v2\/pages\/141\/revisions\/2005"}],"wp:attachment":[{"href":"https:\/\/aksehir.web.tr\/index.php?rest_route=%2Fwp%2Fv2%2Fmedia&parent=141"}],"curies":[{"name":"wp","href":"https:\/\/api.w.org\/{rel}","templated":true}]}}