{"id":142,"date":"2020-12-15T11:57:55","date_gmt":"2020-12-15T11:57:55","guid":{"rendered":"https:\/\/aksehir.web.tr\/?page_id=142"},"modified":"2023-02-26T09:51:25","modified_gmt":"2023-02-26T09:51:25","slug":"ulasim","status":"publish","type":"page","link":"https:\/\/aksehir.web.tr\/?page_id=142","title":{"rendered":""},"content":{"rendered":"<p style=\"text-align: center;\"><span style=\"font-family: verdana, geneva, sans-serif; font-size: 14pt; color: #808080;\">U L A \u015e I M<\/span><\/p>\n<p><span style=\"font-family: verdana, geneva, sans-serif; font-size: 12pt; color: #808080;\">Ak\u015fehir, Orta Do\u011fuyu Avrupa&#8217;ya ba\u011flayan kara ve demiryolu \u00fczerinde kurulmu\u015f olmas\u0131yla merkezi bir yerdir. Konya&#8217;ya 135 km, Afyon&#8217;a 94 km, Ankara&#8217;ya 260 km, \u0130stanbul&#8217;a 523 km, \u0130zmir&#8217;e 430 km, Antalya&#8217;ya 245 Km ve Adana&#8217;ya 483 km uzakl\u0131ktad\u0131r. Do\u011fu ve G\u00fcneydo\u011fu B\u00f6lgeleri&#8217;ne Konya, Bat\u0131 B\u00f6lgelerine Afyon ve Eski\u015fehir, G\u00fcney B\u00f6lgelerine Isparta &#8211; Antalya, Kuzey b\u00f6lgelerine de Ankara \u00fczerinden ula\u015f\u0131m sa\u011flanabilir.<\/span><iframe loading=\"lazy\" src=\"https:\/\/maps.google.com\/maps?f=q&amp;source=s_q&amp;hl=tr&amp;geocode=&amp;q=Ak%C5%9Fehir,+T%C3%BCrkiye&amp;sll=38.355911,31.415409&amp;sspn=0.087094,0.154324&amp;ie=UTF8&amp;hq=&amp;hnear=Ak%C5%9Fehir,+T%C3%BCrkiye&amp;t=m&amp;ll=38.355926,31.415405&amp;spn=0.121151,0.188656&amp;z=13&amp;iwloc=A&amp;output=embed\" width=\"1100\" height=\"900\" frameborder=\"0\" marginwidth=\"0\" marginheight=\"0\" scrolling=\"no\" data-mce-fragment=\"1\"><\/iframe><small><\/small><\/p>\n<p><code><\/code><\/p>\n<p><span style=\"font-size: 12pt; font-family: verdana, geneva, sans-serif; color: #808080;\">\u00c7e\u015fitli Seyahat Firmalar\u0131yla T\u00fcrkiyenin her yerinden Ak\u015fehire seyahat edebilirsiniz.<\/span><\/p>\n<p><span style=\"font-size: 12pt; color: #808080; font-family: verdana, geneva, sans-serif;\">L\u0130DER ANADOLU<\/span><br \/>\n<span style=\"font-size: 12pt; color: #808080; font-family: verdana, geneva, sans-serif;\">S\u00dcHA TUR\u0130ZM<\/span><br \/>\n<span style=\"font-size: 12pt; color: #808080; font-family: verdana, geneva, sans-serif;\">\u00d6ZLEM D\u0130YARBAKIR<\/span><br \/>\n<span style=\"font-size: 12pt; color: #808080; font-family: verdana, geneva, sans-serif;\">STAR D\u0130YARBAKIR<\/span><br \/>\n<span style=\"font-size: 12pt; color: #808080; font-family: verdana, geneva, sans-serif;\">PATNOS \u0130T\u0130MAT<\/span><br \/>\n<span style=\"font-size: 12pt; color: #808080; font-family: verdana, geneva, sans-serif;\">HAS TUR\u0130ZM<\/span><br \/>\n<span style=\"font-size: 12pt; color: #808080; font-family: verdana, geneva, sans-serif;\">\u00d6ZLEM BATMAN<\/span><br \/>\n<span style=\"font-size: 12pt; color: #808080; font-family: verdana, geneva, sans-serif;\">AS ADANA TUR\u0130ZM<\/span><br \/>\n<span style=\"font-size: 12pt; color: #808080; font-family: verdana, geneva, sans-serif;\">KENT TUR\u0130ZM<\/span><br \/>\n<span style=\"font-size: 12pt; color: #808080; font-family: verdana, geneva, sans-serif;\">SE\u00c7 TUR\u0130ZM<\/span><br \/>\n<span style=\"font-size: 12pt; color: #808080; font-family: verdana, geneva, sans-serif;\">L\u00dcKS AKSEL<\/span><br \/>\n<span style=\"font-size: 12pt; color: #808080; font-family: verdana, geneva, sans-serif;\">KAM\u0130L KO\u00c7<\/span><br \/>\n<span style=\"font-size: 12pt; color: #808080; font-family: verdana, geneva, sans-serif;\">METRO TR\u0130ZM<\/span><br \/>\n<span style=\"font-size: 12pt; color: #808080; font-family: verdana, geneva, sans-serif;\">KONTUR TUR\u0130ZM<\/span><br \/>\n<span style=\"font-size: 12pt; color: #808080; font-family: verdana, geneva, sans-serif;\">\u00d6ZKAYMAK TUR\u0130ZM<\/span><br \/>\n<span style=\"font-size: 12pt; color: #808080; font-family: verdana, geneva, sans-serif;\">MALATYA BEYDAGI<\/span><br \/>\n<span style=\"font-size: 12pt; color: #808080; font-family: verdana, geneva, sans-serif;\">MALATYA ZAFER<\/span><br \/>\n<span style=\"font-size: 12pt; color: #808080; font-family: verdana, geneva, sans-serif;\">HATAY BEN TUR\u0130ZM<\/span><br \/>\n<span style=\"font-size: 12pt; color: #808080; font-family: verdana, geneva, sans-serif;\">I\u011eDI\u011eRLI TUR\u0130ZM<\/span><br \/>\n<span style=\"font-size: 12pt; color: #808080; font-family: verdana, geneva, sans-serif;\">ESADA\u015e TUR\u0130ZM<\/span><\/p>\n<p><span style=\"font-family: verdana, geneva, sans-serif; font-size: 12pt; color: #808080;\">KONYA MAV\u0130 TREN ve MERAM EKSPRES\u0130\u00a0 ile\u00a0 KONYA,\u00a0 AFYON, ESK\u0130\u015eEH\u0130R, K\u00dcTAHYA, U\u015eAK, MAN\u0130SA, \u0130ZM\u0130R, B\u0130LEC\u0130K,\u00a0 \u0130ZM\u0130T,\u00a0 \u0130STANBUL,\u00a0 y\u00f6nlerine seyahat edilmektedir.<\/span><\/p>\n<div id='gallery-1' class='gallery galleryid-142 gallery-columns-2 gallery-size-full'><figure class='gallery-item'>\n\t\t\t<div class='gallery-icon landscape'>\n\t\t\t\t<img loading=\"lazy\" decoding=\"async\" width=\"280\" height=\"200\" src=\"https:\/\/aksehir.web.tr\/wp-content\/uploads\/2020\/12\/ulas4.jpg\" class=\"attachment-full size-full\" alt=\"\" \/>\n\t\t\t<\/div><\/figure><figure class='gallery-item'>\n\t\t\t<div class='gallery-icon landscape'>\n\t\t\t\t<img loading=\"lazy\" decoding=\"async\" width=\"280\" height=\"200\" src=\"https:\/\/aksehir.web.tr\/wp-content\/uploads\/2020\/12\/ulas.jpg\" class=\"attachment-full size-full\" alt=\"\" \/>\n\t\t\t<\/div><\/figure>\n\t\t<\/div>\n\n<p>&nbsp;<\/p>\n","protected":false},"excerpt":{"rendered":"<p>U L A \u015e I M Ak\u015fehir, Orta Do\u011fuyu Avrupa&#8217;ya ba\u011flayan kara ve demiryolu \u00fczerinde kurulmu\u015f olmas\u0131yla merkezi bir yerdir.<\/p>\n","protected":false},"author":1,"featured_media":0,"parent":0,"menu_order":0,"comment_status":"closed","ping_status":"closed","template":"","meta":{"footnotes":""},"class_list":["post-142","page","type-page","status-publish","hentry"],"yoast_head":"<!-- This site is optimized with the Yoast SEO plugin v27.6 - https:\/\/yoast.com\/product\/yoast-seo-wordpress\/ -->\n<title>- Ak\u015fehir.web.tr<\/title>\n<meta name=\"robots\" content=\"index, follow, max-snippet:-1, max-image-preview:large, max-video-preview:-1\" \/>\n<link rel=\"canonical\" href=\"https:\/\/aksehir.web.tr\/?page_id=142\" \/>\n<meta property=\"og:locale\" content=\"tr_TR\" \/>\n<meta property=\"og:type\" content=\"article\" \/>\n<meta property=\"og:title\" content=\"- Ak\u015fehir.web.tr\" \/>\n<meta property=\"og:description\" content=\"U L A \u015e I M Ak\u015fehir, Orta Do\u011fuyu Avrupa&#8217;ya ba\u011flayan kara ve demiryolu \u00fczerinde kurulmu\u015f olmas\u0131yla merkezi bir yerdir.\" \/>\n<meta property=\"og:url\" content=\"https:\/\/aksehir.web.tr\/?page_id=142\" \/>\n<meta property=\"og:site_name\" content=\"Ak\u015fehir.web.tr\" \/>\n<meta property=\"article:modified_time\" content=\"2023-02-26T09:51:25+00:00\" \/>\n<meta property=\"og:image\" content=\"https:\/\/aksehir.web.tr\/wp-content\/uploads\/2020\/12\/ulas4.jpg\" \/>\n<meta name=\"twitter:card\" content=\"summary_large_image\" \/>\n<meta name=\"twitter:label1\" content=\"Tahmini okuma s\u00fcresi\" \/>\n\t<meta name=\"twitter:data1\" content=\"1 dakika\" \/>\n<script type=\"application\/ld+json\" class=\"yoast-schema-graph\">{\"@context\":\"https:\\\/\\\/schema.org\",\"@graph\":[{\"@type\":\"WebPage\",\"@id\":\"https:\\\/\\\/aksehir.web.tr\\\/?page_id=142\",\"url\":\"https:\\\/\\\/aksehir.web.tr\\\/?page_id=142\",\"name\":\"- Ak\u015fehir.web.tr\",\"isPartOf\":{\"@id\":\"https:\\\/\\\/aksehir.web.tr\\\/#website\"},\"datePublished\":\"2020-12-15T11:57:55+00:00\",\"dateModified\":\"2023-02-26T09:51:25+00:00\",\"inLanguage\":\"tr\",\"potentialAction\":[{\"@type\":\"ReadAction\",\"target\":[\"https:\\\/\\\/aksehir.web.tr\\\/?page_id=142\"]}]},{\"@type\":\"WebSite\",\"@id\":\"https:\\\/\\\/aksehir.web.tr\\\/#website\",\"url\":\"https:\\\/\\\/aksehir.web.tr\\\/\",\"name\":\"Ak\u015fehir\",\"description\":\"D\u00fcnyan\u0131n Ortas\u0131na Ho\u015fgeldiniz\",\"publisher\":{\"@id\":\"https:\\\/\\\/aksehir.web.tr\\\/#\\\/schema\\\/person\\\/6ab2d6737a97da61e188d3f186a6ffca\"},\"potentialAction\":[{\"@type\":\"SearchAction\",\"target\":{\"@type\":\"EntryPoint\",\"urlTemplate\":\"https:\\\/\\\/aksehir.web.tr\\\/?s={search_term_string}\"},\"query-input\":{\"@type\":\"PropertyValueSpecification\",\"valueRequired\":true,\"valueName\":\"search_term_string\"}}],\"inLanguage\":\"tr\"},{\"@type\":[\"Person\",\"Organization\"],\"@id\":\"https:\\\/\\\/aksehir.web.tr\\\/#\\\/schema\\\/person\\\/6ab2d6737a97da61e188d3f186a6ffca\",\"name\":\"admin\",\"image\":{\"@type\":\"ImageObject\",\"inLanguage\":\"tr\",\"@id\":\"https:\\\/\\\/aksehir.web.tr\\\/wp-content\\\/uploads\\\/2020\\\/12\\\/cropped-cropped-bbbaslik.png\",\"url\":\"https:\\\/\\\/aksehir.web.tr\\\/wp-content\\\/uploads\\\/2020\\\/12\\\/cropped-cropped-bbbaslik.png\",\"contentUrl\":\"https:\\\/\\\/aksehir.web.tr\\\/wp-content\\\/uploads\\\/2020\\\/12\\\/cropped-cropped-bbbaslik.png\",\"width\":960,\"height\":80,\"caption\":\"admin\"},\"logo\":{\"@id\":\"https:\\\/\\\/aksehir.web.tr\\\/wp-content\\\/uploads\\\/2020\\\/12\\\/cropped-cropped-bbbaslik.png\"}}]}<\/script>\n<!-- \/ Yoast SEO plugin. -->","yoast_head_json":{"title":"- Ak\u015fehir.web.tr","robots":{"index":"index","follow":"follow","max-snippet":"max-snippet:-1","max-image-preview":"max-image-preview:large","max-video-preview":"max-video-preview:-1"},"canonical":"https:\/\/aksehir.web.tr\/?page_id=142","og_locale":"tr_TR","og_type":"article","og_title":"- Ak\u015fehir.web.tr","og_description":"U L A \u015e I M Ak\u015fehir, Orta Do\u011fuyu Avrupa&#8217;ya ba\u011flayan kara ve demiryolu \u00fczerinde kurulmu\u015f olmas\u0131yla merkezi bir yerdir.","og_url":"https:\/\/aksehir.web.tr\/?page_id=142","og_site_name":"Ak\u015fehir.web.tr","article_modified_time":"2023-02-26T09:51:25+00:00","og_image":[{"url":"https:\/\/aksehir.web.tr\/wp-content\/uploads\/2020\/12\/ulas4.jpg","type":"","width":"","height":""}],"twitter_card":"summary_large_image","twitter_misc":{"Tahmini okuma s\u00fcresi":"1 dakika"},"schema":{"@context":"https:\/\/schema.org","@graph":[{"@type":"WebPage","@id":"https:\/\/aksehir.web.tr\/?page_id=142","url":"https:\/\/aksehir.web.tr\/?page_id=142","name":"- Ak\u015fehir.web.tr","isPartOf":{"@id":"https:\/\/aksehir.web.tr\/#website"},"datePublished":"2020-12-15T11:57:55+00:00","dateModified":"2023-02-26T09:51:25+00:00","inLanguage":"tr","potentialAction":[{"@type":"ReadAction","target":["https:\/\/aksehir.web.tr\/?page_id=142"]}]},{"@type":"WebSite","@id":"https:\/\/aksehir.web.tr\/#website","url":"https:\/\/aksehir.web.tr\/","name":"Ak\u015fehir","description":"D\u00fcnyan\u0131n Ortas\u0131na Ho\u015fgeldiniz","publisher":{"@id":"https:\/\/aksehir.web.tr\/#\/schema\/person\/6ab2d6737a97da61e188d3f186a6ffca"},"potentialAction":[{"@type":"SearchAction","target":{"@type":"EntryPoint","urlTemplate":"https:\/\/aksehir.web.tr\/?s={search_term_string}"},"query-input":{"@type":"PropertyValueSpecification","valueRequired":true,"valueName":"search_term_string"}}],"inLanguage":"tr"},{"@type":["Person","Organization"],"@id":"https:\/\/aksehir.web.tr\/#\/schema\/person\/6ab2d6737a97da61e188d3f186a6ffca","name":"admin","image":{"@type":"ImageObject","inLanguage":"tr","@id":"https:\/\/aksehir.web.tr\/wp-content\/uploads\/2020\/12\/cropped-cropped-bbbaslik.png","url":"https:\/\/aksehir.web.tr\/wp-content\/uploads\/2020\/12\/cropped-cropped-bbbaslik.png","contentUrl":"https:\/\/aksehir.web.tr\/wp-content\/uploads\/2020\/12\/cropped-cropped-bbbaslik.png","width":960,"height":80,"caption":"admin"},"logo":{"@id":"https:\/\/aksehir.web.tr\/wp-content\/uploads\/2020\/12\/cropped-cropped-bbbaslik.png"}}]}},"_links":{"self":[{"href":"https:\/\/aksehir.web.tr\/index.php?rest_route=\/wp\/v2\/pages\/142","targetHints":{"allow":["GET"]}}],"collection":[{"href":"https:\/\/aksehir.web.tr\/index.php?rest_route=\/wp\/v2\/pages"}],"about":[{"href":"https:\/\/aksehir.web.tr\/index.php?rest_route=\/wp\/v2\/types\/page"}],"author":[{"embeddable":true,"href":"https:\/\/aksehir.web.tr\/index.php?rest_route=\/wp\/v2\/users\/1"}],"replies":[{"embeddable":true,"href":"https:\/\/aksehir.web.tr\/index.php?rest_route=%2Fwp%2Fv2%2Fcomments&post=142"}],"version-history":[{"count":9,"href":"https:\/\/aksehir.web.tr\/index.php?rest_route=\/wp\/v2\/pages\/142\/revisions"}],"predecessor-version":[{"id":2006,"href":"https:\/\/aksehir.web.tr\/index.php?rest_route=\/wp\/v2\/pages\/142\/revisions\/2006"}],"wp:attachment":[{"href":"https:\/\/aksehir.web.tr\/index.php?rest_route=%2Fwp%2Fv2%2Fmedia&parent=142"}],"curies":[{"name":"wp","href":"https:\/\/api.w.org\/{rel}","templated":true}]}}