{"id":151,"date":"2020-12-15T11:57:55","date_gmt":"2020-12-15T11:57:55","guid":{"rendered":"https:\/\/aksehir.web.tr\/?page_id=151"},"modified":"2021-03-02T19:50:15","modified_gmt":"2021-03-02T19:50:15","slug":"oyunlar","status":"publish","type":"page","link":"https:\/\/aksehir.web.tr\/?page_id=151","title":{"rendered":""},"content":{"rendered":"<p><span style=\"font-family: verdana, geneva, sans-serif; color: #808080; font-size: 14pt;\">\u00c7OCUK OYUNLARI<\/span><\/p>\n<p><span style=\"font-family: verdana, geneva, sans-serif; font-size: 12pt; color: #808080;\">Guyulu:Bir t\u00fcr misket oyunu<\/span><br \/>\n<span style=\"font-family: verdana, geneva, sans-serif; font-size: 12pt; color: #808080;\">Morslu:Misket Oyunu<\/span><br \/>\n<span style=\"font-family: verdana, geneva, sans-serif; font-size: 12pt; color: #808080;\">F\u0131tca:Topa\u00e7<\/span><br \/>\n<span style=\"font-family: verdana, geneva, sans-serif; font-size: 12pt; color: #808080;\">A\u015f\u0131k:Kemikle oynanan oyun<\/span><br \/>\n<span style=\"font-family: verdana, geneva, sans-serif; font-size: 12pt; color: #808080;\">Harmanbe\u00e7-Gurbannge\u00e7:Bir t\u00fcr toprak,\u00e7amur oyunu<\/span><br \/>\n<span style=\"font-family: verdana, geneva, sans-serif; font-size: 12pt; color: #808080;\">Patlanga\u00e7:\u00c7amur Oyunu<\/span><br \/>\n<span style=\"font-family: verdana, geneva, sans-serif; font-size: 12pt; color: #808080;\">Timbo:\u0130\u00e7inden \u015feker \u00e7\u0131kan bir t\u00fcr resimli oyun<\/span><br \/>\n<span style=\"font-family: verdana, geneva, sans-serif; font-size: 12pt; color: #808080;\">Tokmak Ga\u00e7t\u0131:Saklamba\u00e7<\/span><br \/>\n<span style=\"font-family: verdana, geneva, sans-serif; font-size: 12pt; color: #808080;\">Met:Bo\u015f bir tarlada sopalarla oynanan oyun<\/span><br \/>\n<span style=\"font-family: verdana, geneva, sans-serif; font-size: 12pt; color: #808080;\">Hamam K\u0131zd\u0131<\/span><br \/>\n<span style=\"font-family: verdana, geneva, sans-serif; font-size: 12pt; color: #808080;\">Malakl\u0131 Ta\u015f<\/span><br \/>\n<span style=\"font-family: verdana, geneva, sans-serif; font-size: 12pt; color: #808080;\">Neye Ne \u0130ster<\/span><br \/>\n<span style=\"font-family: verdana, geneva, sans-serif; font-size: 12pt; color: #808080;\">D\u00fcd\u00fck<\/span><br \/>\n<span style=\"font-family: verdana, geneva, sans-serif; font-size: 12pt; color: #808080;\">Dokuz Ta\u015f<\/span><br \/>\n<span style=\"font-family: verdana, geneva, sans-serif; font-size: 12pt; color: #808080;\">Yumu\u015fak<\/span><br \/>\n<span style=\"font-family: verdana, geneva, sans-serif; font-size: 12pt; color: #808080;\">Bo\u011f\u00e7a Kapmaca<\/span><br \/>\n<span style=\"font-family: verdana, geneva, sans-serif; font-size: 12pt; color: #808080;\">Ayaktan Atlamaca<\/span><br \/>\n<span style=\"font-family: verdana, geneva, sans-serif; font-size: 12pt; color: #808080;\">Hozan P\u00f6t\u00fcrdek<\/span><br \/>\n<span style=\"font-family: verdana, geneva, sans-serif; font-size: 12pt; color: #808080;\">Kapan<\/span><br \/>\n<span style=\"font-family: verdana, geneva, sans-serif; font-size: 12pt; color: #808080;\">\u00c7\u00f6mlek Kapmaca<\/span><br \/>\n<span style=\"font-family: verdana, geneva, sans-serif; font-size: 12pt; color: #808080;\">Ekpres \u00c7arp\u0131\u015ft\u0131<\/span><br \/>\n<span style=\"font-family: verdana, geneva, sans-serif; font-size: 12pt; color: #808080;\">F\u0131r D\u00f6nd\u00fc<\/span><br \/>\n<span style=\"font-family: verdana, geneva, sans-serif; font-size: 12pt; color: #808080;\">Uzun E\u015f\u015fek<\/span><br \/>\n<span style=\"font-family: verdana, geneva, sans-serif; font-size: 12pt; color: #808080;\">Gazoz Gapa\u011f\u0131<\/span><br \/>\n<span style=\"font-family: verdana, geneva, sans-serif; font-size: 12pt; color: #808080;\">El El \u00dcst\u00fcnde<\/span><br \/>\n<span style=\"font-family: verdana, geneva, sans-serif; font-size: 12pt; color: #808080;\">G\u00fcvercin Takla<\/span><br \/>\n<span style=\"font-family: verdana, geneva, sans-serif; font-size: 12pt; color: #808080;\">Sek sek<\/span><br \/>\n<span style=\"font-family: verdana, geneva, sans-serif; font-size: 12pt; color: #808080;\">Birdir Bir<\/span><\/p>\n<div id='gallery-1' class='gallery galleryid-151 gallery-columns-2 gallery-size-full'><figure class='gallery-item'>\n\t\t\t<div class='gallery-icon landscape'>\n\t\t\t\t<a href='https:\/\/aksehir.web.tr\/?attachment_id=1118'><img loading=\"lazy\" decoding=\"async\" width=\"388\" height=\"180\" src=\"https:\/\/aksehir.web.tr\/wp-content\/uploads\/2020\/12\/oyun1-2.jpg\" class=\"attachment-full size-full\" alt=\"\" srcset=\"https:\/\/aksehir.web.tr\/wp-content\/uploads\/2020\/12\/oyun1-2.jpg 388w, https:\/\/aksehir.web.tr\/wp-content\/uploads\/2020\/12\/oyun1-2-300x139.jpg 300w\" sizes=\"auto, (max-width: 388px) 100vw, 388px\" \/><\/a>\n\t\t\t<\/div><\/figure><figure class='gallery-item'>\n\t\t\t<div class='gallery-icon landscape'>\n\t\t\t\t<a href='https:\/\/aksehir.web.tr\/?attachment_id=1133'><img loading=\"lazy\" decoding=\"async\" width=\"388\" height=\"180\" src=\"https:\/\/aksehir.web.tr\/wp-content\/uploads\/2020\/12\/oyun3-3.jpg\" class=\"attachment-full size-full\" alt=\"\" srcset=\"https:\/\/aksehir.web.tr\/wp-content\/uploads\/2020\/12\/oyun3-3.jpg 388w, https:\/\/aksehir.web.tr\/wp-content\/uploads\/2020\/12\/oyun3-3-300x139.jpg 300w\" sizes=\"auto, (max-width: 388px) 100vw, 388px\" \/><\/a>\n\t\t\t<\/div><\/figure>\n\t\t<\/div>\n\n<p><span style=\"font-family: verdana, geneva, sans-serif; color: #808080; font-size: 14pt;\">HALK OYUNLARI<\/span><\/p>\n<p><span style=\"font-size: 12pt; color: #808080; font-family: verdana, geneva, sans-serif;\">Ak\u015fehir\u2019in Da\u011flar\u0131<\/span><br \/>\n<span style=\"font-size: 12pt; color: #808080; font-family: verdana, geneva, sans-serif;\">Ay O\u011flan<\/span><br \/>\n<span style=\"font-size: 12pt; color: #808080; font-family: verdana, geneva, sans-serif;\">Bir Sabahtan<\/span><br \/>\n<span style=\"font-size: 12pt; color: #808080; font-family: verdana, geneva, sans-serif;\">Bermende Zeybe\u011fi<\/span><br \/>\n<span style=\"font-size: 12pt; color: #808080; font-family: verdana, geneva, sans-serif;\">\u00c7apa Yapar\u0131m \u00c7apa<\/span><br \/>\n<span style=\"font-size: 12pt; color: #808080; font-family: verdana, geneva, sans-serif;\">\u00c7ar\u015f\u0131da Gezen O\u011flan<\/span><br \/>\n<span style=\"font-size: 12pt; color: #808080; font-family: verdana, geneva, sans-serif;\">Emmiler<\/span><br \/>\n<span style=\"font-size: 12pt; color: #808080; font-family: verdana, geneva, sans-serif;\">Gedil Zeybe\u011fi<\/span><br \/>\n<span style=\"font-size: 12pt; color: #808080; font-family: verdana, geneva, sans-serif;\">G\u0131c\u0131lar<\/span><br \/>\n<span style=\"font-size: 12pt; color: #808080; font-family: verdana, geneva, sans-serif;\">Kadifem Kara<\/span><br \/>\n<span style=\"font-size: 12pt; color: #808080; font-family: verdana, geneva, sans-serif;\">Karanfilsin<\/span><br \/>\n<span style=\"font-size: 12pt; color: #808080; font-family: verdana, geneva, sans-serif;\">Turnalar<\/span><br \/>\n<span style=\"font-size: 12pt; color: #808080; font-family: verdana, geneva, sans-serif;\">\u00dc\u00e7 K\u00fcrdo\u011flu<\/span><br \/>\n<span style=\"font-size: 12pt; color: #808080; font-family: verdana, geneva, sans-serif;\">Yasiyan Oyunu<\/span><br \/>\n<span style=\"font-size: 12pt; color: #808080; font-family: verdana, geneva, sans-serif;\">Ya\u015far T\u00fcrk\u00fcs\u00fc<\/span><br \/>\n<span style=\"font-size: 12pt; color: #808080; font-family: verdana, geneva, sans-serif;\">Y\u00fcz Dirhemdir<\/span><\/p>\n","protected":false},"excerpt":{"rendered":"<p>\u00c7OCUK OYUNLARI Guyulu:Bir t\u00fcr misket oyunu Morslu:Misket Oyunu F\u0131tca:Topa\u00e7 A\u015f\u0131k:Kemikle oynanan oyun Harmanbe\u00e7-Gurbannge\u00e7:Bir t\u00fcr toprak,\u00e7amur oyunu Patlanga\u00e7:\u00c7amur Oyunu Timbo:\u0130\u00e7inden \u015feker<\/p>\n","protected":false},"author":1,"featured_media":0,"parent":0,"menu_order":0,"comment_status":"closed","ping_status":"closed","template":"","meta":{"footnotes":""},"class_list":["post-151","page","type-page","status-publish","hentry"],"yoast_head":"<!-- This site is optimized with the Yoast SEO plugin v27.6 - https:\/\/yoast.com\/product\/yoast-seo-wordpress\/ -->\n<title>- Ak\u015fehir.web.tr<\/title>\n<meta name=\"robots\" content=\"index, follow, max-snippet:-1, max-image-preview:large, max-video-preview:-1\" \/>\n<link rel=\"canonical\" href=\"https:\/\/aksehir.web.tr\/?page_id=151\" \/>\n<meta property=\"og:locale\" content=\"tr_TR\" \/>\n<meta property=\"og:type\" content=\"article\" \/>\n<meta property=\"og:title\" content=\"- Ak\u015fehir.web.tr\" \/>\n<meta property=\"og:description\" content=\"\u00c7OCUK OYUNLARI Guyulu:Bir t\u00fcr misket oyunu Morslu:Misket Oyunu F\u0131tca:Topa\u00e7 A\u015f\u0131k:Kemikle oynanan oyun Harmanbe\u00e7-Gurbannge\u00e7:Bir t\u00fcr toprak,\u00e7amur oyunu Patlanga\u00e7:\u00c7amur Oyunu Timbo:\u0130\u00e7inden \u015feker\" \/>\n<meta property=\"og:url\" content=\"https:\/\/aksehir.web.tr\/?page_id=151\" \/>\n<meta property=\"og:site_name\" content=\"Ak\u015fehir.web.tr\" \/>\n<meta property=\"article:modified_time\" content=\"2021-03-02T19:50:15+00:00\" \/>\n<meta property=\"og:image\" content=\"https:\/\/aksehir.web.tr\/wp-content\/uploads\/2020\/12\/oyun1-2.jpg\" \/>\n<meta name=\"twitter:card\" content=\"summary_large_image\" \/>\n<meta name=\"twitter:label1\" content=\"Tahmini okuma s\u00fcresi\" \/>\n\t<meta name=\"twitter:data1\" content=\"1 dakika\" \/>\n<script type=\"application\/ld+json\" class=\"yoast-schema-graph\">{\"@context\":\"https:\\\/\\\/schema.org\",\"@graph\":[{\"@type\":\"WebPage\",\"@id\":\"https:\\\/\\\/aksehir.web.tr\\\/?page_id=151\",\"url\":\"https:\\\/\\\/aksehir.web.tr\\\/?page_id=151\",\"name\":\"- Ak\u015fehir.web.tr\",\"isPartOf\":{\"@id\":\"https:\\\/\\\/aksehir.web.tr\\\/#website\"},\"datePublished\":\"2020-12-15T11:57:55+00:00\",\"dateModified\":\"2021-03-02T19:50:15+00:00\",\"inLanguage\":\"tr\",\"potentialAction\":[{\"@type\":\"ReadAction\",\"target\":[\"https:\\\/\\\/aksehir.web.tr\\\/?page_id=151\"]}]},{\"@type\":\"WebSite\",\"@id\":\"https:\\\/\\\/aksehir.web.tr\\\/#website\",\"url\":\"https:\\\/\\\/aksehir.web.tr\\\/\",\"name\":\"Ak\u015fehir\",\"description\":\"D\u00fcnyan\u0131n Ortas\u0131na Ho\u015fgeldiniz\",\"publisher\":{\"@id\":\"https:\\\/\\\/aksehir.web.tr\\\/#\\\/schema\\\/person\\\/6ab2d6737a97da61e188d3f186a6ffca\"},\"potentialAction\":[{\"@type\":\"SearchAction\",\"target\":{\"@type\":\"EntryPoint\",\"urlTemplate\":\"https:\\\/\\\/aksehir.web.tr\\\/?s={search_term_string}\"},\"query-input\":{\"@type\":\"PropertyValueSpecification\",\"valueRequired\":true,\"valueName\":\"search_term_string\"}}],\"inLanguage\":\"tr\"},{\"@type\":[\"Person\",\"Organization\"],\"@id\":\"https:\\\/\\\/aksehir.web.tr\\\/#\\\/schema\\\/person\\\/6ab2d6737a97da61e188d3f186a6ffca\",\"name\":\"admin\",\"image\":{\"@type\":\"ImageObject\",\"inLanguage\":\"tr\",\"@id\":\"https:\\\/\\\/aksehir.web.tr\\\/wp-content\\\/uploads\\\/2020\\\/12\\\/cropped-cropped-bbbaslik.png\",\"url\":\"https:\\\/\\\/aksehir.web.tr\\\/wp-content\\\/uploads\\\/2020\\\/12\\\/cropped-cropped-bbbaslik.png\",\"contentUrl\":\"https:\\\/\\\/aksehir.web.tr\\\/wp-content\\\/uploads\\\/2020\\\/12\\\/cropped-cropped-bbbaslik.png\",\"width\":960,\"height\":80,\"caption\":\"admin\"},\"logo\":{\"@id\":\"https:\\\/\\\/aksehir.web.tr\\\/wp-content\\\/uploads\\\/2020\\\/12\\\/cropped-cropped-bbbaslik.png\"}}]}<\/script>\n<!-- \/ Yoast SEO plugin. -->","yoast_head_json":{"title":"- Ak\u015fehir.web.tr","robots":{"index":"index","follow":"follow","max-snippet":"max-snippet:-1","max-image-preview":"max-image-preview:large","max-video-preview":"max-video-preview:-1"},"canonical":"https:\/\/aksehir.web.tr\/?page_id=151","og_locale":"tr_TR","og_type":"article","og_title":"- Ak\u015fehir.web.tr","og_description":"\u00c7OCUK OYUNLARI Guyulu:Bir t\u00fcr misket oyunu Morslu:Misket Oyunu F\u0131tca:Topa\u00e7 A\u015f\u0131k:Kemikle oynanan oyun Harmanbe\u00e7-Gurbannge\u00e7:Bir t\u00fcr toprak,\u00e7amur oyunu Patlanga\u00e7:\u00c7amur Oyunu Timbo:\u0130\u00e7inden \u015feker","og_url":"https:\/\/aksehir.web.tr\/?page_id=151","og_site_name":"Ak\u015fehir.web.tr","article_modified_time":"2021-03-02T19:50:15+00:00","og_image":[{"url":"https:\/\/aksehir.web.tr\/wp-content\/uploads\/2020\/12\/oyun1-2.jpg","type":"","width":"","height":""}],"twitter_card":"summary_large_image","twitter_misc":{"Tahmini okuma s\u00fcresi":"1 dakika"},"schema":{"@context":"https:\/\/schema.org","@graph":[{"@type":"WebPage","@id":"https:\/\/aksehir.web.tr\/?page_id=151","url":"https:\/\/aksehir.web.tr\/?page_id=151","name":"- Ak\u015fehir.web.tr","isPartOf":{"@id":"https:\/\/aksehir.web.tr\/#website"},"datePublished":"2020-12-15T11:57:55+00:00","dateModified":"2021-03-02T19:50:15+00:00","inLanguage":"tr","potentialAction":[{"@type":"ReadAction","target":["https:\/\/aksehir.web.tr\/?page_id=151"]}]},{"@type":"WebSite","@id":"https:\/\/aksehir.web.tr\/#website","url":"https:\/\/aksehir.web.tr\/","name":"Ak\u015fehir","description":"D\u00fcnyan\u0131n Ortas\u0131na Ho\u015fgeldiniz","publisher":{"@id":"https:\/\/aksehir.web.tr\/#\/schema\/person\/6ab2d6737a97da61e188d3f186a6ffca"},"potentialAction":[{"@type":"SearchAction","target":{"@type":"EntryPoint","urlTemplate":"https:\/\/aksehir.web.tr\/?s={search_term_string}"},"query-input":{"@type":"PropertyValueSpecification","valueRequired":true,"valueName":"search_term_string"}}],"inLanguage":"tr"},{"@type":["Person","Organization"],"@id":"https:\/\/aksehir.web.tr\/#\/schema\/person\/6ab2d6737a97da61e188d3f186a6ffca","name":"admin","image":{"@type":"ImageObject","inLanguage":"tr","@id":"https:\/\/aksehir.web.tr\/wp-content\/uploads\/2020\/12\/cropped-cropped-bbbaslik.png","url":"https:\/\/aksehir.web.tr\/wp-content\/uploads\/2020\/12\/cropped-cropped-bbbaslik.png","contentUrl":"https:\/\/aksehir.web.tr\/wp-content\/uploads\/2020\/12\/cropped-cropped-bbbaslik.png","width":960,"height":80,"caption":"admin"},"logo":{"@id":"https:\/\/aksehir.web.tr\/wp-content\/uploads\/2020\/12\/cropped-cropped-bbbaslik.png"}}]}},"_links":{"self":[{"href":"https:\/\/aksehir.web.tr\/index.php?rest_route=\/wp\/v2\/pages\/151","targetHints":{"allow":["GET"]}}],"collection":[{"href":"https:\/\/aksehir.web.tr\/index.php?rest_route=\/wp\/v2\/pages"}],"about":[{"href":"https:\/\/aksehir.web.tr\/index.php?rest_route=\/wp\/v2\/types\/page"}],"author":[{"embeddable":true,"href":"https:\/\/aksehir.web.tr\/index.php?rest_route=\/wp\/v2\/users\/1"}],"replies":[{"embeddable":true,"href":"https:\/\/aksehir.web.tr\/index.php?rest_route=%2Fwp%2Fv2%2Fcomments&post=151"}],"version-history":[{"count":17,"href":"https:\/\/aksehir.web.tr\/index.php?rest_route=\/wp\/v2\/pages\/151\/revisions"}],"predecessor-version":[{"id":2029,"href":"https:\/\/aksehir.web.tr\/index.php?rest_route=\/wp\/v2\/pages\/151\/revisions\/2029"}],"wp:attachment":[{"href":"https:\/\/aksehir.web.tr\/index.php?rest_route=%2Fwp%2Fv2%2Fmedia&parent=151"}],"curies":[{"name":"wp","href":"https:\/\/api.w.org\/{rel}","templated":true}]}}