{"id":153,"date":"2020-12-15T11:57:55","date_gmt":"2020-12-15T11:57:55","guid":{"rendered":"https:\/\/aksehir.web.tr\/?page_id=153"},"modified":"2021-03-02T20:01:31","modified_gmt":"2021-03-02T20:01:31","slug":"sira-yarenleri","status":"publish","type":"page","link":"https:\/\/aksehir.web.tr\/?page_id=153","title":{"rendered":""},"content":{"rendered":"<p style=\"text-align: center;\"><span style=\"font-family: verdana, geneva, sans-serif; font-size: 14pt; color: #808080;\">S I R A\u00a0 \u00a0Y A R E N L E R \u0130<\/span><\/p>\n<p><span style=\"font-family: verdana, geneva, sans-serif; font-size: 12pt; color: #808080;\">YARENLER SIRA GECES\u0130: Orta asya t\u00fcrk k\u00f6kenli bir folklor gelene\u011fimiz olan YARENL\u0130K,de\u011fi\u015fik adlarla yurt i\u00e7inde ve yurt d\u0131\u015f\u0131nda ya\u015fayan bir halk k\u00fclt\u00fcr\u00fc gelene\u011fidir.<\/span><br \/>\n<span style=\"font-family: verdana, geneva, sans-serif; font-size: 12pt; color: #808080;\">Bu gelene\u011fin mensubu olan gen\u00e7ler,birbirlerine &#8220;YAREN&#8221;diye hitap ederler.T\u00f6re ve t\u00f6renlerin mevsimi i\u00e7inde &#8211; s\u0131ra ile,herg\u00fcn bir yarenin evinde &#8211; sazl\u0131-s\u00f6zl\u00fc olarak oturup e\u011flendiklerinden dolay\u0131 da,Ak\u015fehirde bunlara &#8220;SIRA YARENLER\u0130&#8221; denir.<\/span><br \/>\n<span style=\"font-family: verdana, geneva, sans-serif; font-size: 12pt; color: #808080;\">S\u0131ra yarenlerinin k\u0131demli ve r\u00fctneli olan y\u00f6netim kadrosu;Yi\u011fitba\u015f\u0131,Ka\u011fyabeyi,Yarena\u011fas\u0131,B\u00f6l\u00fckba\u015f\u0131 ve\u00c7avu\u015ftan meydana gelir.Di\u011fer r\u00fctbesiz ve k\u0131demsiz olanlarada,sadece Yaren denir.<\/span><br \/>\n<span style=\"font-family: verdana, geneva, sans-serif; font-size: 12pt; color: #808080;\">Yarenlik gelene\u011fi,belli sanat ve mesle\u011fe mensup ahlakl\u0131,d\u00fcr\u00fcst,c\u00f6mert,misafirperver,s\u0131r saklamas\u0131n\u0131 bilen ve askerlik hizmetini yapm\u0131\u015f,e\u015fde\u011fer ya\u015fguruplar\u0131 aras\u0131nda devam eden bir esnaf te\u015fkilat\u0131d\u0131r.<\/span><br \/>\n<span style=\"font-family: verdana, geneva, sans-serif; font-size: 12pt; color: #808080;\">Bu kurulu\u015flar\u0131n mensuplar\u0131,genelde tek say\u0131lardan ibaret olarak toplan\u0131r ve V harfi oturu\u015f d\u00fczeninde biraraya gelirler.17 li 19 lu 21 li guruplar bir araya geldi\u011fi zaman,yarenler aras\u0131ndan bir birine,\u00e7e\u015fitli hizmetlerin yerine getirilmesi i\u00e7in \u00e7avu\u015fluk g\u00f6revi iljk toplant\u0131da verilir.<\/span><br \/>\n<span style=\"font-family: verdana, geneva, sans-serif; font-size: 12pt; color: #808080;\">Geriye e\u015fit say\u0131da guruplar kal\u0131r.Bunlarda d\u00f6rt b\u00fcy\u00fck y\u00f6netici (Yi\u011fitba\u015f\u0131,Kahyabeyi,Yarena\u011fas\u0131,B\u00f6l\u00fckba\u015f\u0131) ile di\u011fer r\u00fctbesiz olan yarenler V oturu\u015f d\u00fczeninde,isiplin i\u00e7erisinde kar\u015f\u0131 kar\u015f\u0131ya oturur,e\u011flenirler.<\/span><br \/>\n<span style=\"font-family: verdana, geneva, sans-serif; font-size: 12pt; color: #808080;\">Ahili\u011finde etkisi alt\u0131nda kalm\u0131\u015f olan s\u0131ra yarenleri,Ak\u015fehir de biribirine yak\u0131n ya\u015f guruplar\u0131 aras\u0131nda toplant\u0131 ve e\u011flencelerine sonbaharda ba\u015flarlar,ilkbaharda h\u0131d\u0131relleze kadar geceleri bir araya gelirler.<\/span><br \/>\n<span style=\"font-family: verdana, geneva, sans-serif; font-size: 12pt; color: #808080;\">Bu sazl\u0131 s\u00f6zl\u00fc sohbet ve e\u011flenceler,genellikle \u015fehir merkezinde ah\u015fap yap\u0131l\u0131 cumbal\u0131 evlerin &#8220;hanay&#8221; denilen uzun s\u0131ra evi salonlar\u0131nda;kasaba ve k\u00f6ylerde ise &#8220;oda&#8221; denilen ba\u011f\u0131ms\u0131z do\u011fal mekanlarda yap\u0131l\u0131r<\/span><br \/>\n<span style=\"font-family: verdana, geneva, sans-serif; font-size: 12pt; color: #808080;\">S\u0131ara yarenlerinin so\u011fbetlerine sigara ve alkoll\u00fc i\u00e7ki kullananlar\u0131n,han\u0131mlar\u0131n gelmesi yasakt\u0131r.eti yenilmeyen derisi giyilmeyen hayvanlar\u0131n ad\u0131n\u0131n &#8220;s\u00f6z\u00fcm yabana&#8221; denmeden s\u00f6ylenmesi yaren kanunlar\u0131na g\u00f6re su\u00e7tur.<\/span><br \/>\n<span style=\"font-family: verdana, geneva, sans-serif; font-size: 12pt; color: #808080;\">Sohbet ve e\u011flencelerin sonunda yi\u011fit ba\u015f\u0131n\u0131n y\u00f6netiminde toplanan &#8220;Yaren Mahkemesinde&#8221; \u00e7avu\u015f,bu su\u00e7lar\u0131 t\u00f6ren esnas\u0131nda i\u015fleyenleri birer bire okur ve yarg\u0131lama ba\u015flar<\/span><br \/>\n<span style=\"font-family: verdana, geneva, sans-serif; font-size: 12pt; color: #808080;\">Yaren Mahkeme karalar\u0131 kesin olup son\u00e7lar\u0131na itiraz edilmez.Yaren Mahkemesinde su\u00e7lulara verilen cezalar,genelde maddi,bedeni ve nak ti olarak belirlenmektedir. mahkemesinde kesilen nakdi cezalardan toplan\u0131p biriken paralar,e\u011flence sezonunun bitiminde hep birlikte yenilir.<\/span><br \/>\n<span style=\"font-family: verdana, geneva, sans-serif; font-size: 12pt; color: #808080;\">Ak\u015fehir s\u0131ra yarenlerinin e\u011flencelerinde saz heyetinde davul,zurna,kaval,k\u0131larnet,ba\u011flama,zilli ma\u015fa ve darbuka gibi m\u00fczik alet lerinden bir ka\u00e7\u0131 bulundurulur.Bu saz heyetini yarenler bazen kendi aralar\u0131ndan \u00e7\u0131kard\u0131klar\u0131 gibi,bazende d\u0131\u015far\u0131dan para ile tutabilirler<\/span><br \/>\n<span style=\"font-family: verdana, geneva, sans-serif; font-size: 12pt; color: #808080;\">S\u0131ra yarenlerinin e\u011flenceleri Yi\u011fitba\u015f\u0131n\u0131n &#8220;ok\u015fama&#8221; denilen \u015fu de\u011fi\u015fi y\u00fcksek sesle ve belli bir ezgi ile s\u00f6ylemesi ile ba\u015flar.<\/span><\/p>\n<blockquote><p><span style=\"font-family: verdana, geneva, sans-serif; font-size: 12pt;\">O K \u015e A M A<\/span><\/p>\n<p><span style=\"font-family: verdana, geneva, sans-serif; font-size: 12pt;\">Samur k\u00fcrk\u00fcm beden yar yar,<\/span><br \/>\n<span style=\"font-family: verdana, geneva, sans-serif; font-size: 12pt;\">At oynat\u0131p giden yar yar,<\/span><br \/>\n<span style=\"font-family: verdana, geneva, sans-serif; font-size: 12pt;\">Gizli sard\u0131m el duydu,<\/span><br \/>\n<span style=\"font-family: verdana, geneva, sans-serif; font-size: 12pt;\">Daha korkun neden yar,<\/span><br \/>\n<span style=\"font-family: verdana, geneva, sans-serif; font-size: 12pt;\">Yar yar,yar adam\u0131 \u00f6ld\u00fcrmezde,<\/span><br \/>\n<span style=\"font-family: verdana, geneva, sans-serif; font-size: 12pt;\">Yaradan \u00f6ld\u00fcr\u00fcr efendim<\/span><br \/>\n<span style=\"font-family: verdana, geneva, sans-serif; font-size: 12pt;\">E\u011fil selvi kavak e\u011fil,<\/span><br \/>\n<span style=\"font-family: verdana, geneva, sans-serif; font-size: 12pt;\">Dal\u0131n s\u00fcr\u00fcns\u00fcn,dal\u0131n s\u00fcr\u00fcns\u00fcn,<\/span><br \/>\n<span style=\"font-family: verdana, geneva, sans-serif; font-size: 12pt;\">A\u011fabey aman aman!<\/span><br \/>\n<span style=\"font-family: verdana, geneva, sans-serif; font-size: 12pt;\">Al ye\u015fil yapra\u011f\u0131 dostlar,suda \u00e7\u00fcr\u00fcs\u00fcn<\/span><br \/>\n<span style=\"font-family: verdana, geneva, sans-serif; font-size: 12pt;\">Herkes sevdi\u011fini dostlar,als\u0131n y\u00fcr\u00fcs\u00fcn<\/span><br \/>\n<span style=\"font-family: verdana, geneva, sans-serif; font-size: 12pt;\">Sars\u0131n y\u00fcr\u00fcs\u00fcn,<\/span><br \/>\n<span style=\"font-family: verdana, geneva, sans-serif; font-size: 12pt;\">A\u011fabey aman aman<\/span><br \/>\n<span style=\"font-family: verdana, geneva, sans-serif; font-size: 12pt;\">Bah\u00e7eye gel,gel bah\u00e7eye,geleydi bari&#8230;<\/span><\/p>\n<div id='gallery-1' class='gallery galleryid-153 gallery-columns-3 gallery-size-full'><figure class='gallery-item'>\n\t\t\t<div class='gallery-icon landscape'>\n\t\t\t\t<img loading=\"lazy\" decoding=\"async\" width=\"224\" height=\"150\" src=\"https:\/\/aksehir.web.tr\/wp-content\/uploads\/2020\/12\/yrn3.jpg\" class=\"attachment-full size-full\" alt=\"\" \/>\n\t\t\t<\/div><\/figure><figure class='gallery-item'>\n\t\t\t<div class='gallery-icon landscape'>\n\t\t\t\t<img loading=\"lazy\" decoding=\"async\" width=\"224\" height=\"150\" src=\"https:\/\/aksehir.web.tr\/wp-content\/uploads\/2020\/12\/yrn1.jpg\" class=\"attachment-full size-full\" alt=\"\" \/>\n\t\t\t<\/div><\/figure><figure class='gallery-item'>\n\t\t\t<div class='gallery-icon landscape'>\n\t\t\t\t<img loading=\"lazy\" decoding=\"async\" width=\"224\" height=\"150\" src=\"https:\/\/aksehir.web.tr\/wp-content\/uploads\/2020\/12\/yrn2.jpg\" class=\"attachment-full size-full\" alt=\"\" \/>\n\t\t\t<\/div><\/figure>\n\t\t<\/div>\n\n<div id='gallery-2' class='gallery galleryid-153 gallery-columns-3 gallery-size-full'><figure class='gallery-item'>\n\t\t\t<div class='gallery-icon landscape'>\n\t\t\t\t<img loading=\"lazy\" decoding=\"async\" width=\"224\" height=\"150\" src=\"https:\/\/aksehir.web.tr\/wp-content\/uploads\/2020\/12\/yrn5.jpg\" class=\"attachment-full size-full\" alt=\"\" \/>\n\t\t\t<\/div><\/figure><figure class='gallery-item'>\n\t\t\t<div class='gallery-icon landscape'>\n\t\t\t\t<img loading=\"lazy\" decoding=\"async\" width=\"224\" height=\"150\" src=\"https:\/\/aksehir.web.tr\/wp-content\/uploads\/2020\/12\/yrn4.jpg\" class=\"attachment-full size-full\" alt=\"\" \/>\n\t\t\t<\/div><\/figure><figure class='gallery-item'>\n\t\t\t<div class='gallery-icon landscape'>\n\t\t\t\t<img loading=\"lazy\" decoding=\"async\" width=\"224\" height=\"150\" src=\"https:\/\/aksehir.web.tr\/wp-content\/uploads\/2020\/12\/yrn6.jpg\" class=\"attachment-full size-full\" alt=\"\" \/>\n\t\t\t<\/div><\/figure>\n\t\t<\/div>\n\n<div id='gallery-3' class='gallery galleryid-153 gallery-columns-4 gallery-size-full'><figure class='gallery-item'>\n\t\t\t<div class='gallery-icon landscape'>\n\t\t\t\t<img loading=\"lazy\" decoding=\"async\" width=\"200\" height=\"150\" src=\"https:\/\/aksehir.web.tr\/wp-content\/uploads\/2020\/12\/yrn8.jpg\" class=\"attachment-full size-full\" alt=\"\" \/>\n\t\t\t<\/div><\/figure><figure class='gallery-item'>\n\t\t\t<div class='gallery-icon landscape'>\n\t\t\t\t<img loading=\"lazy\" decoding=\"async\" width=\"224\" height=\"150\" src=\"https:\/\/aksehir.web.tr\/wp-content\/uploads\/2020\/12\/yrn10.jpg\" class=\"attachment-full size-full\" alt=\"\" \/>\n\t\t\t<\/div><\/figure><figure class='gallery-item'>\n\t\t\t<div class='gallery-icon landscape'>\n\t\t\t\t<img loading=\"lazy\" decoding=\"async\" width=\"224\" height=\"150\" src=\"https:\/\/aksehir.web.tr\/wp-content\/uploads\/2020\/12\/yrn7.jpg\" class=\"attachment-full size-full\" alt=\"\" \/>\n\t\t\t<\/div><\/figure><figure class='gallery-item'>\n\t\t\t<div class='gallery-icon landscape'>\n\t\t\t\t<img loading=\"lazy\" decoding=\"async\" width=\"200\" height=\"150\" src=\"https:\/\/aksehir.web.tr\/wp-content\/uploads\/2020\/12\/yrn9.jpg\" class=\"attachment-full size-full\" alt=\"\" \/>\n\t\t\t<\/div><\/figure>\n\t\t<\/div>\n\n<p>&nbsp;<\/p><\/blockquote>\n","protected":false},"excerpt":{"rendered":"<p>S I R A\u00a0 \u00a0Y A R E N L E R \u0130 YARENLER SIRA GECES\u0130: Orta asya t\u00fcrk k\u00f6kenli<\/p>\n","protected":false},"author":1,"featured_media":0,"parent":0,"menu_order":0,"comment_status":"closed","ping_status":"closed","template":"","meta":{"footnotes":""},"class_list":["post-153","page","type-page","status-publish","hentry"],"yoast_head":"<!-- This site is optimized with the Yoast SEO plugin v27.3 - https:\/\/yoast.com\/product\/yoast-seo-wordpress\/ -->\n<title>- Ak\u015fehir.web.tr<\/title>\n<meta name=\"robots\" content=\"index, follow, max-snippet:-1, max-image-preview:large, max-video-preview:-1\" \/>\n<link rel=\"canonical\" href=\"https:\/\/aksehir.web.tr\/?page_id=153\" \/>\n<meta property=\"og:locale\" content=\"tr_TR\" \/>\n<meta property=\"og:type\" content=\"article\" \/>\n<meta property=\"og:title\" content=\"- Ak\u015fehir.web.tr\" \/>\n<meta property=\"og:description\" content=\"S I R A\u00a0 \u00a0Y A R E N L E R \u0130 YARENLER SIRA GECES\u0130: Orta asya t\u00fcrk k\u00f6kenli\" \/>\n<meta property=\"og:url\" content=\"https:\/\/aksehir.web.tr\/?page_id=153\" \/>\n<meta property=\"og:site_name\" content=\"Ak\u015fehir.web.tr\" \/>\n<meta property=\"article:modified_time\" content=\"2021-03-02T20:01:31+00:00\" \/>\n<meta property=\"og:image\" content=\"https:\/\/aksehir.web.tr\/wp-content\/uploads\/2020\/12\/yrn3.jpg\" \/>\n<meta name=\"twitter:card\" content=\"summary_large_image\" \/>\n<meta name=\"twitter:label1\" content=\"Tahmini okuma s\u00fcresi\" \/>\n\t<meta name=\"twitter:data1\" content=\"2 dakika\" \/>\n<script type=\"application\/ld+json\" class=\"yoast-schema-graph\">{\"@context\":\"https:\\\/\\\/schema.org\",\"@graph\":[{\"@type\":\"WebPage\",\"@id\":\"https:\\\/\\\/aksehir.web.tr\\\/?page_id=153\",\"url\":\"https:\\\/\\\/aksehir.web.tr\\\/?page_id=153\",\"name\":\"- Ak\u015fehir.web.tr\",\"isPartOf\":{\"@id\":\"https:\\\/\\\/aksehir.web.tr\\\/#website\"},\"datePublished\":\"2020-12-15T11:57:55+00:00\",\"dateModified\":\"2021-03-02T20:01:31+00:00\",\"inLanguage\":\"tr\",\"potentialAction\":[{\"@type\":\"ReadAction\",\"target\":[\"https:\\\/\\\/aksehir.web.tr\\\/?page_id=153\"]}]},{\"@type\":\"WebSite\",\"@id\":\"https:\\\/\\\/aksehir.web.tr\\\/#website\",\"url\":\"https:\\\/\\\/aksehir.web.tr\\\/\",\"name\":\"Ak\u015fehir\",\"description\":\"D\u00fcnyan\u0131n Ortas\u0131na Ho\u015fgeldiniz\",\"publisher\":{\"@id\":\"https:\\\/\\\/aksehir.web.tr\\\/#\\\/schema\\\/person\\\/6ab2d6737a97da61e188d3f186a6ffca\"},\"potentialAction\":[{\"@type\":\"SearchAction\",\"target\":{\"@type\":\"EntryPoint\",\"urlTemplate\":\"https:\\\/\\\/aksehir.web.tr\\\/?s={search_term_string}\"},\"query-input\":{\"@type\":\"PropertyValueSpecification\",\"valueRequired\":true,\"valueName\":\"search_term_string\"}}],\"inLanguage\":\"tr\"},{\"@type\":[\"Person\",\"Organization\"],\"@id\":\"https:\\\/\\\/aksehir.web.tr\\\/#\\\/schema\\\/person\\\/6ab2d6737a97da61e188d3f186a6ffca\",\"name\":\"admin\",\"image\":{\"@type\":\"ImageObject\",\"inLanguage\":\"tr\",\"@id\":\"https:\\\/\\\/aksehir.web.tr\\\/wp-content\\\/uploads\\\/2020\\\/12\\\/cropped-cropped-bbbaslik.png\",\"url\":\"https:\\\/\\\/aksehir.web.tr\\\/wp-content\\\/uploads\\\/2020\\\/12\\\/cropped-cropped-bbbaslik.png\",\"contentUrl\":\"https:\\\/\\\/aksehir.web.tr\\\/wp-content\\\/uploads\\\/2020\\\/12\\\/cropped-cropped-bbbaslik.png\",\"width\":960,\"height\":80,\"caption\":\"admin\"},\"logo\":{\"@id\":\"https:\\\/\\\/aksehir.web.tr\\\/wp-content\\\/uploads\\\/2020\\\/12\\\/cropped-cropped-bbbaslik.png\"}}]}<\/script>\n<!-- \/ Yoast SEO plugin. -->","yoast_head_json":{"title":"- Ak\u015fehir.web.tr","robots":{"index":"index","follow":"follow","max-snippet":"max-snippet:-1","max-image-preview":"max-image-preview:large","max-video-preview":"max-video-preview:-1"},"canonical":"https:\/\/aksehir.web.tr\/?page_id=153","og_locale":"tr_TR","og_type":"article","og_title":"- Ak\u015fehir.web.tr","og_description":"S I R A\u00a0 \u00a0Y A R E N L E R \u0130 YARENLER SIRA GECES\u0130: Orta asya t\u00fcrk k\u00f6kenli","og_url":"https:\/\/aksehir.web.tr\/?page_id=153","og_site_name":"Ak\u015fehir.web.tr","article_modified_time":"2021-03-02T20:01:31+00:00","og_image":[{"url":"https:\/\/aksehir.web.tr\/wp-content\/uploads\/2020\/12\/yrn3.jpg","type":"","width":"","height":""}],"twitter_card":"summary_large_image","twitter_misc":{"Tahmini okuma s\u00fcresi":"2 dakika"},"schema":{"@context":"https:\/\/schema.org","@graph":[{"@type":"WebPage","@id":"https:\/\/aksehir.web.tr\/?page_id=153","url":"https:\/\/aksehir.web.tr\/?page_id=153","name":"- Ak\u015fehir.web.tr","isPartOf":{"@id":"https:\/\/aksehir.web.tr\/#website"},"datePublished":"2020-12-15T11:57:55+00:00","dateModified":"2021-03-02T20:01:31+00:00","inLanguage":"tr","potentialAction":[{"@type":"ReadAction","target":["https:\/\/aksehir.web.tr\/?page_id=153"]}]},{"@type":"WebSite","@id":"https:\/\/aksehir.web.tr\/#website","url":"https:\/\/aksehir.web.tr\/","name":"Ak\u015fehir","description":"D\u00fcnyan\u0131n Ortas\u0131na Ho\u015fgeldiniz","publisher":{"@id":"https:\/\/aksehir.web.tr\/#\/schema\/person\/6ab2d6737a97da61e188d3f186a6ffca"},"potentialAction":[{"@type":"SearchAction","target":{"@type":"EntryPoint","urlTemplate":"https:\/\/aksehir.web.tr\/?s={search_term_string}"},"query-input":{"@type":"PropertyValueSpecification","valueRequired":true,"valueName":"search_term_string"}}],"inLanguage":"tr"},{"@type":["Person","Organization"],"@id":"https:\/\/aksehir.web.tr\/#\/schema\/person\/6ab2d6737a97da61e188d3f186a6ffca","name":"admin","image":{"@type":"ImageObject","inLanguage":"tr","@id":"https:\/\/aksehir.web.tr\/wp-content\/uploads\/2020\/12\/cropped-cropped-bbbaslik.png","url":"https:\/\/aksehir.web.tr\/wp-content\/uploads\/2020\/12\/cropped-cropped-bbbaslik.png","contentUrl":"https:\/\/aksehir.web.tr\/wp-content\/uploads\/2020\/12\/cropped-cropped-bbbaslik.png","width":960,"height":80,"caption":"admin"},"logo":{"@id":"https:\/\/aksehir.web.tr\/wp-content\/uploads\/2020\/12\/cropped-cropped-bbbaslik.png"}}]}},"_links":{"self":[{"href":"https:\/\/aksehir.web.tr\/index.php?rest_route=\/wp\/v2\/pages\/153","targetHints":{"allow":["GET"]}}],"collection":[{"href":"https:\/\/aksehir.web.tr\/index.php?rest_route=\/wp\/v2\/pages"}],"about":[{"href":"https:\/\/aksehir.web.tr\/index.php?rest_route=\/wp\/v2\/types\/page"}],"author":[{"embeddable":true,"href":"https:\/\/aksehir.web.tr\/index.php?rest_route=\/wp\/v2\/users\/1"}],"replies":[{"embeddable":true,"href":"https:\/\/aksehir.web.tr\/index.php?rest_route=%2Fwp%2Fv2%2Fcomments&post=153"}],"version-history":[{"count":8,"href":"https:\/\/aksehir.web.tr\/index.php?rest_route=\/wp\/v2\/pages\/153\/revisions"}],"predecessor-version":[{"id":2033,"href":"https:\/\/aksehir.web.tr\/index.php?rest_route=\/wp\/v2\/pages\/153\/revisions\/2033"}],"wp:attachment":[{"href":"https:\/\/aksehir.web.tr\/index.php?rest_route=%2Fwp%2Fv2%2Fmedia&parent=153"}],"curies":[{"name":"wp","href":"https:\/\/api.w.org\/{rel}","templated":true}]}}