{"id":156,"date":"2020-12-15T11:57:55","date_gmt":"2020-12-15T11:57:55","guid":{"rendered":"https:\/\/aksehir.web.tr\/?page_id=156"},"modified":"2021-07-07T07:25:03","modified_gmt":"2021-07-07T07:25:03","slug":"temsili-nasreddin-hocalar","status":"publish","type":"page","link":"https:\/\/aksehir.web.tr\/?page_id=156","title":{"rendered":""},"content":{"rendered":"<p style=\"text-align: center;\"><span style=\"font-family: verdana, geneva, sans-serif; font-size: 14pt; color: #808080;\">TEMS\u0130L\u0130 NASREDD\u0130N HOCALAR<\/span><\/p>\n<p><span style=\"font-family: verdana, geneva, sans-serif; font-size: 12pt; color: #808080;\">Temsili Nasreddin Hoca G\u00f6revini \u00dcstlenen Sanat\u00e7\u0131lar\u0131m\u0131z&#8230;<\/span><\/p>\n<p><span style=\"font-family: verdana, geneva, sans-serif; font-size: 12pt; color: #808080;\">Ak\u015fehir\u2019in yerel mizah \u00fcstatlar\u0131ndan, tan\u0131nm\u0131\u015f sanat\u00e7\u0131lara dek bir \u00e7ok insan temsili Nasreddin Hoca\u2019l\u0131k g\u00f6revini ba\u015far\u0131yla y\u00fcr\u00fctm\u00fc\u015ft\u00fcr. Cenk Koray,Levent K\u0131rca\u2019dan Abdullah \u015eahin\u2019e, Mert Ali Ba\u015far\u0131r\u2019dan Erol G\u00fcnayd\u0131n\u2019a, Halit Ak\u00e7atepe\u2019den Hasan Ka\u00e7an\u2019a, Ferhan \u015eensoy\u2019dan Kadir \u00c7\u00f6pdemir\u2019e ve Emin Olcay&#8217;a vede Rasim \u00d6ztekin&#8217;e kadar bir \u00e7ok \u00fcnl\u00fc sima, Temsili Nasreddin Hoca olarak kar\u015f\u0131m\u0131za \u00e7\u0131km\u0131\u015ft\u0131r<\/span><\/p>\n<div id='gallery-1' class='gallery galleryid-156 gallery-columns-6 gallery-size-full'><figure class='gallery-item'>\n\t\t\t<div class='gallery-icon portrait'>\n\t\t\t\t<img loading=\"lazy\" decoding=\"async\" width=\"98\" height=\"150\" src=\"https:\/\/aksehir.web.tr\/wp-content\/uploads\/2020\/12\/h1.jpg\" class=\"attachment-full size-full\" alt=\"\" aria-describedby=\"gallery-1-678\" \/>\n\t\t\t<\/div>\n\t\t\t\t<figcaption class='wp-caption-text gallery-caption' id='gallery-1-678'>\n\t\t\t\tENG\u0130N G\u00dcNAYDIN\n\t\t\t\t<\/figcaption><\/figure><figure class='gallery-item'>\n\t\t\t<div class='gallery-icon portrait'>\n\t\t\t\t<img loading=\"lazy\" decoding=\"async\" width=\"133\" height=\"150\" src=\"https:\/\/aksehir.web.tr\/wp-content\/uploads\/2020\/12\/h12.jpg\" class=\"attachment-full size-full\" alt=\"\" aria-describedby=\"gallery-1-683\" \/>\n\t\t\t<\/div>\n\t\t\t\t<figcaption class='wp-caption-text gallery-caption' id='gallery-1-683'>\n\t\t\t\tMERT AL\u0130 BA\u015eARIR\n\t\t\t\t<\/figcaption><\/figure><figure class='gallery-item'>\n\t\t\t<div class='gallery-icon landscape'>\n\t\t\t\t<img loading=\"lazy\" decoding=\"async\" width=\"180\" height=\"150\" src=\"https:\/\/aksehir.web.tr\/wp-content\/uploads\/2020\/12\/h10.jpg\" class=\"attachment-full size-full\" alt=\"\" aria-describedby=\"gallery-1-684\" \/>\n\t\t\t<\/div>\n\t\t\t\t<figcaption class='wp-caption-text gallery-caption' id='gallery-1-684'>\n\t\t\t\tABDULLAH \u015eAH\u0130N\n\t\t\t\t<\/figcaption><\/figure><figure class='gallery-item'>\n\t\t\t<div class='gallery-icon portrait'>\n\t\t\t\t<img loading=\"lazy\" decoding=\"async\" width=\"141\" height=\"150\" src=\"https:\/\/aksehir.web.tr\/wp-content\/uploads\/2020\/12\/h24.jpg\" class=\"attachment-full size-full\" alt=\"\" aria-describedby=\"gallery-1-685\" \/>\n\t\t\t<\/div>\n\t\t\t\t<figcaption class='wp-caption-text gallery-caption' id='gallery-1-685'>\n\t\t\t\tHASAN KA\u00c7AN\n\t\t\t\t<\/figcaption><\/figure><figure class='gallery-item'>\n\t\t\t<div class='gallery-icon portrait'>\n\t\t\t\t<img loading=\"lazy\" decoding=\"async\" width=\"100\" height=\"150\" src=\"https:\/\/aksehir.web.tr\/wp-content\/uploads\/2020\/12\/h19.jpg\" class=\"attachment-full size-full\" alt=\"\" aria-describedby=\"gallery-1-1151\" \/>\n\t\t\t<\/div>\n\t\t\t\t<figcaption class='wp-caption-text gallery-caption' id='gallery-1-1151'>\n\t\t\t\tCENK KORAY\n\t\t\t\t<\/figcaption><\/figure><figure class='gallery-item'>\n\t\t\t<div class='gallery-icon portrait'>\n\t\t\t\t<img loading=\"lazy\" decoding=\"async\" width=\"98\" height=\"150\" src=\"https:\/\/aksehir.web.tr\/wp-content\/uploads\/2020\/12\/h2.jpg\" class=\"attachment-full size-full\" alt=\"\" aria-describedby=\"gallery-1-682\" \/>\n\t\t\t<\/div>\n\t\t\t\t<figcaption class='wp-caption-text gallery-caption' id='gallery-1-682'>\n\t\t\t\tHAL\u0130T AK\u00c7ATEPE\n\t\t\t\t<\/figcaption><\/figure>\n\t\t<\/div>\n\n<div id='gallery-2' class='gallery galleryid-156 gallery-columns-6 gallery-size-full'><figure class='gallery-item'>\n\t\t\t<div class='gallery-icon portrait'>\n\t\t\t\t<img loading=\"lazy\" decoding=\"async\" width=\"97\" height=\"150\" src=\"https:\/\/aksehir.web.tr\/wp-content\/uploads\/2020\/12\/h6.jpg\" class=\"attachment-full size-full\" alt=\"\" aria-describedby=\"gallery-2-691\" \/>\n\t\t\t<\/div>\n\t\t\t\t<figcaption class='wp-caption-text gallery-caption' id='gallery-2-691'>\n\t\t\t\tFERHAN \u015eENSOY\n\t\t\t\t<\/figcaption><\/figure><figure class='gallery-item'>\n\t\t\t<div class='gallery-icon portrait'>\n\t\t\t\t<img loading=\"lazy\" decoding=\"async\" width=\"140\" height=\"150\" src=\"https:\/\/aksehir.web.tr\/wp-content\/uploads\/2020\/12\/h21.jpg\" class=\"attachment-full size-full\" alt=\"\" aria-describedby=\"gallery-2-688\" \/>\n\t\t\t<\/div>\n\t\t\t\t<figcaption class='wp-caption-text gallery-caption' id='gallery-2-688'>\n\t\t\t\tRAS\u0130M \u00d6ZTEK\u0130N\n\t\t\t\t<\/figcaption><\/figure><figure class='gallery-item'>\n\t\t\t<div class='gallery-icon portrait'>\n\t\t\t\t<img loading=\"lazy\" decoding=\"async\" width=\"123\" height=\"150\" src=\"https:\/\/aksehir.web.tr\/wp-content\/uploads\/2020\/12\/h22.jpg\" class=\"attachment-full size-full\" alt=\"\" aria-describedby=\"gallery-2-690\" \/>\n\t\t\t<\/div>\n\t\t\t\t<figcaption class='wp-caption-text gallery-caption' id='gallery-2-690'>\n\t\t\t\tDEN\u0130Z ORAL\n\t\t\t\t<\/figcaption><\/figure><figure class='gallery-item'>\n\t\t\t<div class='gallery-icon portrait'>\n\t\t\t\t<img loading=\"lazy\" decoding=\"async\" width=\"143\" height=\"150\" src=\"https:\/\/aksehir.web.tr\/wp-content\/uploads\/2020\/12\/h11.jpg\" class=\"attachment-full size-full\" alt=\"\" aria-describedby=\"gallery-2-687\" \/>\n\t\t\t<\/div>\n\t\t\t\t<figcaption class='wp-caption-text gallery-caption' id='gallery-2-687'>\n\t\t\t\tEM\u0130N OLCAY\n\t\t\t\t<\/figcaption><\/figure><figure class='gallery-item'>\n\t\t\t<div class='gallery-icon portrait'>\n\t\t\t\t<img loading=\"lazy\" decoding=\"async\" width=\"127\" height=\"150\" src=\"https:\/\/aksehir.web.tr\/wp-content\/uploads\/2020\/12\/h7.jpg\" class=\"attachment-full size-full\" alt=\"\" aria-describedby=\"gallery-2-686\" \/>\n\t\t\t<\/div>\n\t\t\t\t<figcaption class='wp-caption-text gallery-caption' id='gallery-2-686'>\n\t\t\t\tKAD\u0130R \u00c7\u00d6PDEM\u0130R\n\t\t\t\t<\/figcaption><\/figure><figure class='gallery-item'>\n\t\t\t<div class='gallery-icon portrait'>\n\t\t\t\t<img loading=\"lazy\" decoding=\"async\" width=\"103\" height=\"150\" src=\"https:\/\/aksehir.web.tr\/wp-content\/uploads\/2021\/04\/h33.jpg\" class=\"attachment-full size-full\" alt=\"\" aria-describedby=\"gallery-2-2397\" \/>\n\t\t\t<\/div>\n\t\t\t\t<figcaption class='wp-caption-text gallery-caption' id='gallery-2-2397'>\n\t\t\t\tARABACI BOD\u0130 MEMED\n\t\t\t\t<\/figcaption><\/figure>\n\t\t<\/div>\n\n<div id='gallery-3' class='gallery galleryid-156 gallery-columns-5 gallery-size-full'><figure class='gallery-item'>\n\t\t\t<div class='gallery-icon portrait'>\n\t\t\t\t<img loading=\"lazy\" decoding=\"async\" width=\"141\" height=\"150\" src=\"https:\/\/aksehir.web.tr\/wp-content\/uploads\/2020\/12\/h26.jpg\" class=\"attachment-full size-full\" alt=\"\" aria-describedby=\"gallery-3-698\" \/>\n\t\t\t<\/div>\n\t\t\t\t<figcaption class='wp-caption-text gallery-caption' id='gallery-3-698'>\n\t\t\t\tAHMET YEN\u0130LMEZ\n\t\t\t\t<\/figcaption><\/figure><figure class='gallery-item'>\n\t\t\t<div class='gallery-icon portrait'>\n\t\t\t\t<img loading=\"lazy\" decoding=\"async\" width=\"142\" height=\"152\" src=\"https:\/\/aksehir.web.tr\/wp-content\/uploads\/2020\/12\/h31.jpg\" class=\"attachment-full size-full\" alt=\"\" aria-describedby=\"gallery-3-697\" \/>\n\t\t\t<\/div>\n\t\t\t\t<figcaption class='wp-caption-text gallery-caption' id='gallery-3-697'>\n\t\t\t\t\u015eORAY UZUN\n\t\t\t\t<\/figcaption><\/figure><figure class='gallery-item'>\n\t\t\t<div class='gallery-icon portrait'>\n\t\t\t\t<img loading=\"lazy\" decoding=\"async\" width=\"123\" height=\"150\" src=\"https:\/\/aksehir.web.tr\/wp-content\/uploads\/2020\/12\/h30.jpg\" class=\"attachment-full size-full\" alt=\"\" aria-describedby=\"gallery-3-696\" \/>\n\t\t\t<\/div>\n\t\t\t\t<figcaption class='wp-caption-text gallery-caption' id='gallery-3-696'>\n\t\t\t\tMET\u0130N \u015eENT\u00dcRK\n\t\t\t\t<\/figcaption><\/figure><figure class='gallery-item'>\n\t\t\t<div class='gallery-icon portrait'>\n\t\t\t\t<img loading=\"lazy\" decoding=\"async\" width=\"133\" height=\"150\" src=\"https:\/\/aksehir.web.tr\/wp-content\/uploads\/2020\/12\/h28.jpg\" class=\"attachment-full size-full\" alt=\"\" aria-describedby=\"gallery-3-694\" \/>\n\t\t\t<\/div>\n\t\t\t\t<figcaption class='wp-caption-text gallery-caption' id='gallery-3-694'>\n\t\t\t\tH\u00dcSEY\u0130N GONCAG\u00dcL\n\t\t\t\t<\/figcaption><\/figure><figure class='gallery-item'>\n\t\t\t<div class='gallery-icon portrait'>\n\t\t\t\t<img loading=\"lazy\" decoding=\"async\" width=\"143\" height=\"150\" src=\"https:\/\/aksehir.web.tr\/wp-content\/uploads\/2020\/12\/h23-1.jpg\" class=\"attachment-full size-full\" alt=\"\" aria-describedby=\"gallery-3-695\" \/>\n\t\t\t<\/div>\n\t\t\t\t<figcaption class='wp-caption-text gallery-caption' id='gallery-3-695'>\n\t\t\t\tENG\u0130N NOYAN\n\t\t\t\t<\/figcaption><\/figure><figure class='gallery-item'>\n\t\t\t<div class='gallery-icon portrait'>\n\t\t\t\t<img loading=\"lazy\" decoding=\"async\" width=\"124\" height=\"150\" src=\"https:\/\/aksehir.web.tr\/wp-content\/uploads\/2021\/07\/h34.jpg\" class=\"attachment-full size-full\" alt=\"\" aria-describedby=\"gallery-3-2857\" \/>\n\t\t\t<\/div>\n\t\t\t\t<figcaption class='wp-caption-text gallery-caption' id='gallery-3-2857'>\n\t\t\t\tBEHZAT UYGUR\n\t\t\t\t<\/figcaption><\/figure>\n\t\t<\/div>\n\n","protected":false},"excerpt":{"rendered":"<p>TEMS\u0130L\u0130 NASREDD\u0130N HOCALAR Temsili Nasreddin Hoca G\u00f6revini \u00dcstlenen Sanat\u00e7\u0131lar\u0131m\u0131z&#8230; Ak\u015fehir\u2019in yerel mizah \u00fcstatlar\u0131ndan, tan\u0131nm\u0131\u015f sanat\u00e7\u0131lara dek bir \u00e7ok insan temsili<\/p>\n","protected":false},"author":1,"featured_media":0,"parent":0,"menu_order":0,"comment_status":"closed","ping_status":"closed","template":"","meta":{"footnotes":""},"class_list":["post-156","page","type-page","status-publish","hentry"],"yoast_head":"<!-- This site is optimized with the Yoast SEO plugin v27.6 - https:\/\/yoast.com\/product\/yoast-seo-wordpress\/ -->\n<title>- Ak\u015fehir.web.tr<\/title>\n<meta name=\"robots\" content=\"index, follow, max-snippet:-1, max-image-preview:large, max-video-preview:-1\" \/>\n<link rel=\"canonical\" href=\"https:\/\/aksehir.web.tr\/?page_id=156\" \/>\n<meta property=\"og:locale\" content=\"tr_TR\" \/>\n<meta property=\"og:type\" content=\"article\" \/>\n<meta property=\"og:title\" content=\"- Ak\u015fehir.web.tr\" \/>\n<meta property=\"og:description\" content=\"TEMS\u0130L\u0130 NASREDD\u0130N HOCALAR Temsili Nasreddin Hoca G\u00f6revini \u00dcstlenen Sanat\u00e7\u0131lar\u0131m\u0131z&#8230; Ak\u015fehir\u2019in yerel mizah \u00fcstatlar\u0131ndan, tan\u0131nm\u0131\u015f sanat\u00e7\u0131lara dek bir \u00e7ok insan temsili\" \/>\n<meta property=\"og:url\" content=\"https:\/\/aksehir.web.tr\/?page_id=156\" \/>\n<meta property=\"og:site_name\" content=\"Ak\u015fehir.web.tr\" \/>\n<meta property=\"article:modified_time\" content=\"2021-07-07T07:25:03+00:00\" \/>\n<meta property=\"og:image\" content=\"https:\/\/aksehir.web.tr\/wp-content\/uploads\/2020\/12\/h1.jpg\" \/>\n<meta name=\"twitter:card\" content=\"summary_large_image\" \/>\n<meta name=\"twitter:label1\" content=\"Tahmini okuma s\u00fcresi\" \/>\n\t<meta name=\"twitter:data1\" content=\"1 dakika\" \/>\n<script type=\"application\/ld+json\" class=\"yoast-schema-graph\">{\"@context\":\"https:\\\/\\\/schema.org\",\"@graph\":[{\"@type\":\"WebPage\",\"@id\":\"https:\\\/\\\/aksehir.web.tr\\\/?page_id=156\",\"url\":\"https:\\\/\\\/aksehir.web.tr\\\/?page_id=156\",\"name\":\"- Ak\u015fehir.web.tr\",\"isPartOf\":{\"@id\":\"https:\\\/\\\/aksehir.web.tr\\\/#website\"},\"datePublished\":\"2020-12-15T11:57:55+00:00\",\"dateModified\":\"2021-07-07T07:25:03+00:00\",\"inLanguage\":\"tr\",\"potentialAction\":[{\"@type\":\"ReadAction\",\"target\":[\"https:\\\/\\\/aksehir.web.tr\\\/?page_id=156\"]}]},{\"@type\":\"WebSite\",\"@id\":\"https:\\\/\\\/aksehir.web.tr\\\/#website\",\"url\":\"https:\\\/\\\/aksehir.web.tr\\\/\",\"name\":\"Ak\u015fehir\",\"description\":\"D\u00fcnyan\u0131n Ortas\u0131na Ho\u015fgeldiniz\",\"publisher\":{\"@id\":\"https:\\\/\\\/aksehir.web.tr\\\/#\\\/schema\\\/person\\\/6ab2d6737a97da61e188d3f186a6ffca\"},\"potentialAction\":[{\"@type\":\"SearchAction\",\"target\":{\"@type\":\"EntryPoint\",\"urlTemplate\":\"https:\\\/\\\/aksehir.web.tr\\\/?s={search_term_string}\"},\"query-input\":{\"@type\":\"PropertyValueSpecification\",\"valueRequired\":true,\"valueName\":\"search_term_string\"}}],\"inLanguage\":\"tr\"},{\"@type\":[\"Person\",\"Organization\"],\"@id\":\"https:\\\/\\\/aksehir.web.tr\\\/#\\\/schema\\\/person\\\/6ab2d6737a97da61e188d3f186a6ffca\",\"name\":\"admin\",\"image\":{\"@type\":\"ImageObject\",\"inLanguage\":\"tr\",\"@id\":\"https:\\\/\\\/aksehir.web.tr\\\/wp-content\\\/uploads\\\/2020\\\/12\\\/cropped-cropped-bbbaslik.png\",\"url\":\"https:\\\/\\\/aksehir.web.tr\\\/wp-content\\\/uploads\\\/2020\\\/12\\\/cropped-cropped-bbbaslik.png\",\"contentUrl\":\"https:\\\/\\\/aksehir.web.tr\\\/wp-content\\\/uploads\\\/2020\\\/12\\\/cropped-cropped-bbbaslik.png\",\"width\":960,\"height\":80,\"caption\":\"admin\"},\"logo\":{\"@id\":\"https:\\\/\\\/aksehir.web.tr\\\/wp-content\\\/uploads\\\/2020\\\/12\\\/cropped-cropped-bbbaslik.png\"}}]}<\/script>\n<!-- \/ Yoast SEO plugin. -->","yoast_head_json":{"title":"- Ak\u015fehir.web.tr","robots":{"index":"index","follow":"follow","max-snippet":"max-snippet:-1","max-image-preview":"max-image-preview:large","max-video-preview":"max-video-preview:-1"},"canonical":"https:\/\/aksehir.web.tr\/?page_id=156","og_locale":"tr_TR","og_type":"article","og_title":"- Ak\u015fehir.web.tr","og_description":"TEMS\u0130L\u0130 NASREDD\u0130N HOCALAR Temsili Nasreddin Hoca G\u00f6revini \u00dcstlenen Sanat\u00e7\u0131lar\u0131m\u0131z&#8230; Ak\u015fehir\u2019in yerel mizah \u00fcstatlar\u0131ndan, tan\u0131nm\u0131\u015f sanat\u00e7\u0131lara dek bir \u00e7ok insan temsili","og_url":"https:\/\/aksehir.web.tr\/?page_id=156","og_site_name":"Ak\u015fehir.web.tr","article_modified_time":"2021-07-07T07:25:03+00:00","og_image":[{"url":"https:\/\/aksehir.web.tr\/wp-content\/uploads\/2020\/12\/h1.jpg","type":"","width":"","height":""}],"twitter_card":"summary_large_image","twitter_misc":{"Tahmini okuma s\u00fcresi":"1 dakika"},"schema":{"@context":"https:\/\/schema.org","@graph":[{"@type":"WebPage","@id":"https:\/\/aksehir.web.tr\/?page_id=156","url":"https:\/\/aksehir.web.tr\/?page_id=156","name":"- Ak\u015fehir.web.tr","isPartOf":{"@id":"https:\/\/aksehir.web.tr\/#website"},"datePublished":"2020-12-15T11:57:55+00:00","dateModified":"2021-07-07T07:25:03+00:00","inLanguage":"tr","potentialAction":[{"@type":"ReadAction","target":["https:\/\/aksehir.web.tr\/?page_id=156"]}]},{"@type":"WebSite","@id":"https:\/\/aksehir.web.tr\/#website","url":"https:\/\/aksehir.web.tr\/","name":"Ak\u015fehir","description":"D\u00fcnyan\u0131n Ortas\u0131na Ho\u015fgeldiniz","publisher":{"@id":"https:\/\/aksehir.web.tr\/#\/schema\/person\/6ab2d6737a97da61e188d3f186a6ffca"},"potentialAction":[{"@type":"SearchAction","target":{"@type":"EntryPoint","urlTemplate":"https:\/\/aksehir.web.tr\/?s={search_term_string}"},"query-input":{"@type":"PropertyValueSpecification","valueRequired":true,"valueName":"search_term_string"}}],"inLanguage":"tr"},{"@type":["Person","Organization"],"@id":"https:\/\/aksehir.web.tr\/#\/schema\/person\/6ab2d6737a97da61e188d3f186a6ffca","name":"admin","image":{"@type":"ImageObject","inLanguage":"tr","@id":"https:\/\/aksehir.web.tr\/wp-content\/uploads\/2020\/12\/cropped-cropped-bbbaslik.png","url":"https:\/\/aksehir.web.tr\/wp-content\/uploads\/2020\/12\/cropped-cropped-bbbaslik.png","contentUrl":"https:\/\/aksehir.web.tr\/wp-content\/uploads\/2020\/12\/cropped-cropped-bbbaslik.png","width":960,"height":80,"caption":"admin"},"logo":{"@id":"https:\/\/aksehir.web.tr\/wp-content\/uploads\/2020\/12\/cropped-cropped-bbbaslik.png"}}]}},"_links":{"self":[{"href":"https:\/\/aksehir.web.tr\/index.php?rest_route=\/wp\/v2\/pages\/156","targetHints":{"allow":["GET"]}}],"collection":[{"href":"https:\/\/aksehir.web.tr\/index.php?rest_route=\/wp\/v2\/pages"}],"about":[{"href":"https:\/\/aksehir.web.tr\/index.php?rest_route=\/wp\/v2\/types\/page"}],"author":[{"embeddable":true,"href":"https:\/\/aksehir.web.tr\/index.php?rest_route=\/wp\/v2\/users\/1"}],"replies":[{"embeddable":true,"href":"https:\/\/aksehir.web.tr\/index.php?rest_route=%2Fwp%2Fv2%2Fcomments&post=156"}],"version-history":[{"count":14,"href":"https:\/\/aksehir.web.tr\/index.php?rest_route=\/wp\/v2\/pages\/156\/revisions"}],"predecessor-version":[{"id":2858,"href":"https:\/\/aksehir.web.tr\/index.php?rest_route=\/wp\/v2\/pages\/156\/revisions\/2858"}],"wp:attachment":[{"href":"https:\/\/aksehir.web.tr\/index.php?rest_route=%2Fwp%2Fv2%2Fmedia&parent=156"}],"curies":[{"name":"wp","href":"https:\/\/api.w.org\/{rel}","templated":true}]}}