{"id":157,"date":"2020-12-15T11:57:56","date_gmt":"2020-12-15T11:57:56","guid":{"rendered":"https:\/\/aksehir.web.tr\/?page_id=157"},"modified":"2021-03-02T20:09:47","modified_gmt":"2021-03-02T20:09:47","slug":"nasreddin-hoca-festivali","status":"publish","type":"page","link":"https:\/\/aksehir.web.tr\/?page_id=157","title":{"rendered":""},"content":{"rendered":"<p style=\"text-align: center;\"><span style=\"font-family: verdana, geneva, sans-serif; font-size: 14pt; color: #808080;\">F E S T \u0130 V A L ( 5-10 T E M M U Z )<\/span><\/p>\n<p><span style=\"font-family: verdana, geneva, sans-serif; font-size: 12pt; color: #808080;\">Nasreddin Hoca; D\u00fcnya&#8217;n\u0131n Ortas\u0131 Ak\u015fehir&#8217;den insanl\u0131\u011fa seslenmi\u015ftir. G\u00f6le \u00e7ald\u0131\u011f\u0131 umut mayas\u0131, ters bindi\u011fi e\u015fe\u011fi, c\u00fcbbesi ile kavu\u011fu ve y\u00fczy\u0131llard\u0131r ayakta kalan t\u00fcrbesiyle, Ak\u015fehir&#8217;in tamamlay\u0131c\u0131s\u0131 ve vazge\u00e7ilmez bir par\u00e7as\u0131d\u0131r.<\/span><br \/>\n<span style=\"font-family: verdana, geneva, sans-serif; font-size: 12pt; color: #808080;\">As\u0131rlard\u0131r Hoca&#8217;n\u0131n torunlar\u0131, O&#8217;nu daha do\u011fru bir \u015fekilde tan\u0131tabilmenin ve gelene\u011fini ya\u015fatman\u0131n misyonunu \u00fcstlenmi\u015fler. Ve istiyorlar ki; Nasreddin Hoca, t\u00fcm insanl\u0131\u011fa tarihsel ya\u015fam yolculu\u011funda kalender, renkli ve bilge ki\u015fili\u011fiyle yol g\u00f6sterici olsun. O&#8217;nun iyimserli\u011fi do\u011frultusunda, kapkara bulutlar yerini g\u00fcne\u015fe, kavgalar yerini bar\u0131\u015fa, sevgisizlik ise yerini sevgiye b\u0131raks\u0131n!..<\/span><br \/>\n<span style=\"font-family: verdana, geneva, sans-serif; font-size: 12pt; color: #808080;\">Yaz\u0131l\u0131 bir eseri olmamas\u0131na ra\u011fmen, Hocam\u0131z\u0131n \u00f6yk\u00fclerindeki derin felsefe ve mizah anlay\u0131\u015f\u0131, 13. y\u00fczy\u0131ldan beri s\u00f6zl\u00fc halk edebiyat\u0131 yoluyla aram\u0131zda ya\u015fat\u0131lmaya devam ediyor.<\/span><br \/>\n<span style=\"font-family: verdana, geneva, sans-serif; font-size: 12pt; color: #808080;\">Ak\u015fehir Halk\u0131; ge\u00e7mi\u015ften g\u00fcn\u00fcm\u00fcze kadar uzanan yolda, ho\u015fg\u00f6r\u00fcl\u00fc ve konuksever yap\u0131s\u0131yla, O&#8217;nun gelene\u011finin en s\u00e2d\u0131k takip\u00e7isi oldu\u011funu kan\u0131tl\u0131yor.<\/span><br \/>\n<span style=\"font-family: verdana, geneva, sans-serif; font-size: 12pt; color: #808080;\">1959 y\u0131l\u0131nda ba\u015flat\u0131lan \u201cNasreddin Hoca \u015eenli\u011fi\u201d, yak\u0131n tarihimizin bu anlamda at\u0131lan en \u00f6nemli ad\u0131m\u0131 ve \u00fclkemizin en eski festivallerinden birisi. Ak\u015fehir, 5-10 Temmuz tarihleri aras\u0131nda d\u00fcnyan\u0131n pek \u00e7ok \u00fclkesinden bilim, sanat ve edebiyat insanlar\u0131na kucak a\u00e7arak, farkl\u0131 k\u00fclt\u00fcrel zenginlikleri mizahla bulu\u015fturuyor; 50 y\u0131ld\u0131r gerek \u00fclkemizde, gerekse yurt d\u0131\u015f\u0131nda geni\u015f yank\u0131lar uyand\u0131r\u0131yor.<\/span><br \/>\n<span style=\"font-family: verdana, geneva, sans-serif; font-size: 12pt; color: #808080;\">Ak\u015fehir Belediyesi ile Nasreddin Hoca ve Turizm Derne\u011fi, her y\u0131l \u015fenli\u011fin hemen ard\u0131ndan ba\u015flat\u0131lan \u00e7al\u0131\u015fmalarla hem ge\u00e7mi\u015fi de\u011ferlendirir, hem de bir y\u0131l sonras\u0131n\u0131n haz\u0131rl\u0131klar\u0131n\u0131 y\u00fcr\u00fct\u00fcr. \u015eenli\u011fe y\u00fczlerce g\u00f6n\u00fcll\u00fc insan\u0131n emeklerinin yan\u0131 s\u0131ra, sahalar\u0131nda uzman profesyonellerin katk\u0131lar\u0131 da al\u0131narak y\u0131ldan y\u0131la de\u011fi\u015fen ve zenginle\u015fen \u015eenlik Program\u0131 ortaya \u00e7\u0131kar.<\/span><br \/>\n<span style=\"font-family: verdana, geneva, sans-serif; font-size: 12pt; color: #808080;\">Uluslararas\u0131 Nasreddin Hoca \u015eenli\u011fi, i\u015fte b\u00f6ylesi yo\u011fun bir tarihsel birikimin ve \u00e7al\u0131\u015fman\u0131n \u00fcr\u00fcn\u00fc olarak ger\u00e7ekle\u015fir. Zaman zaman \u0130stanbul ve Ankara ba\u015fta olmak \u00fczere b\u00fcy\u00fck kentlerde ba\u015flat\u0131lan etkinlikler, 5-10 Temmuz tarihleri aras\u0131nda Ak\u015fehir&#8217;de \u201cFestival\u201d co\u015fkusu ile devam eder&#8230;<\/span><br \/>\n<span style=\"font-family: verdana, geneva, sans-serif; font-size: 12pt; color: #808080;\">Nasreddin Hoca \u015eenli\u011fi, 6 g\u00fcn boyunca gece-g\u00fcnd\u00fcz k\u00fclt\u00fcr ve sanatla halk\u0131 kayna\u015ft\u0131ran, ayn\u0131 zamanda enerji ve heyecan dolu, pop\u00fcler nitelikleri olan bir festivaldir. Sanat\u00e7\u0131lar\u0131n \u00e7a\u011fda\u015f ve klasik, ulusal ve yabanc\u0131 \u015fa\u015f\u0131rt\u0131c\u0131 \u00fcr\u00fcnleriyle kar\u015f\u0131la\u015fmak; danstan tiyatroya, foto\u011fraftan resme, filmden karikat\u00fcre, edebiyattan m\u00fczi\u011fe kadar giden bir \u00e7e\u015fitlili\u011fi ya\u015famak haf\u0131zalarda unutulmaz izler b\u0131rak\u0131yor.<\/span><\/p>\n<p style=\"text-align: center;\"><span style=\"font-family: verdana, geneva, sans-serif; color: #808080; font-size: 14pt;\">F E S T \u0130 V A L\u00a0 \u00a0 A F \u0130 \u015e L E R \u0130<\/span><\/p>\n<div id='gallery-1' class='gallery galleryid-157 gallery-columns-6 gallery-size-full'><figure class='gallery-item'>\n\t\t\t<div class='gallery-icon portrait'>\n\t\t\t\t<img loading=\"lazy\" decoding=\"async\" width=\"128\" height=\"179\" src=\"https:\/\/aksehir.web.tr\/wp-content\/uploads\/2020\/12\/snk53-crop-u24437.jpg\" class=\"attachment-full size-full\" alt=\"\" \/>\n\t\t\t<\/div><\/figure><figure class='gallery-item'>\n\t\t\t<div class='gallery-icon portrait'>\n\t\t\t\t<img loading=\"lazy\" decoding=\"async\" width=\"131\" height=\"180\" src=\"https:\/\/aksehir.web.tr\/wp-content\/uploads\/2020\/12\/snk1-Kopya.jpg\" class=\"attachment-full size-full\" alt=\"\" \/>\n\t\t\t<\/div><\/figure><figure class='gallery-item'>\n\t\t\t<div class='gallery-icon portrait'>\n\t\t\t\t<img loading=\"lazy\" decoding=\"async\" width=\"131\" height=\"180\" src=\"https:\/\/aksehir.web.tr\/wp-content\/uploads\/2020\/12\/snk6-Kopya.jpg\" class=\"attachment-full size-full\" alt=\"\" \/>\n\t\t\t<\/div><\/figure><figure class='gallery-item'>\n\t\t\t<div class='gallery-icon portrait'>\n\t\t\t\t<img loading=\"lazy\" decoding=\"async\" width=\"131\" height=\"180\" src=\"https:\/\/aksehir.web.tr\/wp-content\/uploads\/2020\/12\/snk2-Kopya.jpg\" class=\"attachment-full size-full\" alt=\"\" \/>\n\t\t\t<\/div><\/figure><figure class='gallery-item'>\n\t\t\t<div class='gallery-icon portrait'>\n\t\t\t\t<img loading=\"lazy\" decoding=\"async\" width=\"131\" height=\"180\" src=\"https:\/\/aksehir.web.tr\/wp-content\/uploads\/2020\/12\/snk3-Kopya.jpg\" class=\"attachment-full size-full\" alt=\"\" \/>\n\t\t\t<\/div><\/figure><figure class='gallery-item'>\n\t\t\t<div class='gallery-icon portrait'>\n\t\t\t\t<img loading=\"lazy\" decoding=\"async\" width=\"131\" height=\"180\" src=\"https:\/\/aksehir.web.tr\/wp-content\/uploads\/2020\/12\/snk4-Kopya.jpg\" class=\"attachment-full size-full\" alt=\"\" \/>\n\t\t\t<\/div><\/figure><figure class='gallery-item'>\n\t\t\t<div class='gallery-icon portrait'>\n\t\t\t\t<img loading=\"lazy\" decoding=\"async\" width=\"131\" height=\"180\" src=\"https:\/\/aksehir.web.tr\/wp-content\/uploads\/2020\/12\/snk5-Kopya.jpg\" class=\"attachment-full size-full\" alt=\"\" \/>\n\t\t\t<\/div><\/figure><figure class='gallery-item'>\n\t\t\t<div class='gallery-icon portrait'>\n\t\t\t\t<img loading=\"lazy\" decoding=\"async\" width=\"131\" height=\"180\" src=\"https:\/\/aksehir.web.tr\/wp-content\/uploads\/2020\/12\/snk7-Kopya.jpg\" class=\"attachment-full size-full\" alt=\"\" \/>\n\t\t\t<\/div><\/figure><figure class='gallery-item'>\n\t\t\t<div class='gallery-icon portrait'>\n\t\t\t\t<img loading=\"lazy\" decoding=\"async\" width=\"131\" height=\"180\" src=\"https:\/\/aksehir.web.tr\/wp-content\/uploads\/2020\/12\/snk8-Kopya.jpg\" class=\"attachment-full size-full\" alt=\"\" \/>\n\t\t\t<\/div><\/figure><figure class='gallery-item'>\n\t\t\t<div class='gallery-icon portrait'>\n\t\t\t\t<img loading=\"lazy\" decoding=\"async\" width=\"131\" height=\"180\" src=\"https:\/\/aksehir.web.tr\/wp-content\/uploads\/2020\/12\/snk9-Kopya.jpg\" class=\"attachment-full size-full\" alt=\"\" \/>\n\t\t\t<\/div><\/figure><figure class='gallery-item'>\n\t\t\t<div class='gallery-icon portrait'>\n\t\t\t\t<img loading=\"lazy\" decoding=\"async\" width=\"131\" height=\"180\" src=\"https:\/\/aksehir.web.tr\/wp-content\/uploads\/2020\/12\/snk10-Kopya.jpg\" class=\"attachment-full size-full\" alt=\"\" \/>\n\t\t\t<\/div><\/figure><figure class='gallery-item'>\n\t\t\t<div class='gallery-icon portrait'>\n\t\t\t\t<img loading=\"lazy\" decoding=\"async\" width=\"117\" height=\"180\" src=\"https:\/\/aksehir.web.tr\/wp-content\/uploads\/2020\/12\/snk11-Kopya.jpg\" class=\"attachment-full size-full\" alt=\"\" \/>\n\t\t\t<\/div><\/figure><figure class='gallery-item'>\n\t\t\t<div class='gallery-icon portrait'>\n\t\t\t\t<img loading=\"lazy\" decoding=\"async\" width=\"117\" height=\"180\" src=\"https:\/\/aksehir.web.tr\/wp-content\/uploads\/2020\/12\/snk12-Kopya.jpg\" class=\"attachment-full size-full\" alt=\"\" \/>\n\t\t\t<\/div><\/figure><figure class='gallery-item'>\n\t\t\t<div class='gallery-icon portrait'>\n\t\t\t\t<img loading=\"lazy\" decoding=\"async\" width=\"129\" height=\"180\" src=\"https:\/\/aksehir.web.tr\/wp-content\/uploads\/2020\/12\/snk26-Kopya.jpg\" class=\"attachment-full size-full\" alt=\"\" \/>\n\t\t\t<\/div><\/figure><figure class='gallery-item'>\n\t\t\t<div class='gallery-icon portrait'>\n\t\t\t\t<img loading=\"lazy\" decoding=\"async\" width=\"121\" height=\"180\" src=\"https:\/\/aksehir.web.tr\/wp-content\/uploads\/2020\/12\/snk27-Kopya.jpg\" class=\"attachment-full size-full\" alt=\"\" \/>\n\t\t\t<\/div><\/figure><figure class='gallery-item'>\n\t\t\t<div class='gallery-icon portrait'>\n\t\t\t\t<img loading=\"lazy\" decoding=\"async\" width=\"128\" height=\"180\" src=\"https:\/\/aksehir.web.tr\/wp-content\/uploads\/2020\/12\/snk28-Kopya.jpg\" class=\"attachment-full size-full\" alt=\"\" \/>\n\t\t\t<\/div><\/figure><figure class='gallery-item'>\n\t\t\t<div class='gallery-icon portrait'>\n\t\t\t\t<img loading=\"lazy\" decoding=\"async\" width=\"130\" height=\"180\" src=\"https:\/\/aksehir.web.tr\/wp-content\/uploads\/2020\/12\/snk31.jpg\" class=\"attachment-full size-full\" alt=\"\" \/>\n\t\t\t<\/div><\/figure><figure class='gallery-item'>\n\t\t\t<div class='gallery-icon portrait'>\n\t\t\t\t<img loading=\"lazy\" decoding=\"async\" width=\"130\" height=\"180\" src=\"https:\/\/aksehir.web.tr\/wp-content\/uploads\/2020\/12\/snk32.jpg\" class=\"attachment-full size-full\" alt=\"\" \/>\n\t\t\t<\/div><\/figure><figure class='gallery-item'>\n\t\t\t<div class='gallery-icon portrait'>\n\t\t\t\t<img loading=\"lazy\" decoding=\"async\" width=\"130\" height=\"180\" src=\"https:\/\/aksehir.web.tr\/wp-content\/uploads\/2020\/12\/snk34.jpg\" class=\"attachment-full size-full\" alt=\"\" \/>\n\t\t\t<\/div><\/figure><figure class='gallery-item'>\n\t\t\t<div class='gallery-icon portrait'>\n\t\t\t\t<img loading=\"lazy\" decoding=\"async\" width=\"129\" height=\"180\" src=\"https:\/\/aksehir.web.tr\/wp-content\/uploads\/2020\/12\/snk46.jpg\" class=\"attachment-full size-full\" alt=\"\" \/>\n\t\t\t<\/div><\/figure><figure class='gallery-item'>\n\t\t\t<div class='gallery-icon portrait'>\n\t\t\t\t<img loading=\"lazy\" decoding=\"async\" width=\"121\" height=\"180\" src=\"https:\/\/aksehir.web.tr\/wp-content\/uploads\/2020\/12\/snk47.jpg\" class=\"attachment-full size-full\" alt=\"\" \/>\n\t\t\t<\/div><\/figure><figure class='gallery-item'>\n\t\t\t<div class='gallery-icon portrait'>\n\t\t\t\t<img loading=\"lazy\" decoding=\"async\" width=\"130\" height=\"180\" src=\"https:\/\/aksehir.web.tr\/wp-content\/uploads\/2020\/12\/snk50.jpg\" class=\"attachment-full size-full\" alt=\"\" \/>\n\t\t\t<\/div><\/figure><figure class='gallery-item'>\n\t\t\t<div class='gallery-icon portrait'>\n\t\t\t\t<img loading=\"lazy\" decoding=\"async\" width=\"129\" height=\"179\" src=\"https:\/\/aksehir.web.tr\/wp-content\/uploads\/2020\/12\/snk52-crop-u24435.jpg\" class=\"attachment-full size-full\" alt=\"\" \/>\n\t\t\t<\/div><\/figure>\n\t\t<\/div>\n\n<p style=\"text-align: center;\"><span style=\"font-family: verdana, geneva, sans-serif; font-size: 14pt; color: #808080;\">ANMA ve M\u0130ZAH G\u00dcNLER\u0130<\/span><\/p>\n<p><span style=\"font-family: verdana, geneva, sans-serif; font-size: 12pt; color: #808080;\">Uluslararas\u0131 Ak\u015fehir Nasreddin Hoca Anma ve Mizah G\u00fcnleri , Nasreddin Hoca ve Turizm Derne\u011fi ile Ak\u015fehir Belediyesi taraf\u0131ndan d\u00fczenlenmektedir. \u201c1959 y\u0131l\u0131ndan bu yana ama\u00e7s\u0131z \u015fenlikler d\u00fczenlemi\u015ftir. Daha \u00e7ok e\u011flence boyutunda yap\u0131lan etkinlikler, Nasreddin Hoca gibi d\u00fcnyaya mal olmu\u015f birinin ad\u0131n\u0131n anlam\u0131n\u0131 da maalesef hafifletmi\u015ftir. Ak\u015fehir turizmine ve esnaf\u0131na katk\u0131s\u0131 olmam\u0131\u015ft\u0131r.Yap\u0131lan etkinlikler, haf\u0131zalarda daha kal\u0131c\u0131 olacak, dolay\u0131s\u0131yla \u00f6zellikle turizme y\u00f6nelik faaliyetler sayesinde y\u0131l i\u00e7erisinde \u015fehrimizin ekonomisini canland\u0131racak turizm ve tan\u0131t\u0131m faaliyetleri da artacakt\u0131r. Anma ve Mizah G\u00fcnleri\u2019nde turizmi \u00f6ne \u00e7\u0131kartarak Ak\u015fehir esnaf\u0131n\u0131n ve Ak\u015fehir\u2019in kazanc\u0131n\u0131n art\u0131r\u0131larak y\u0131llarca yap\u0131lamam\u0131\u015f bir \u015feyin ger\u00e7ekle\u015ftirilmesidir.<\/span><br \/>\n<span style=\"font-family: verdana, geneva, sans-serif; font-size: 12pt; color: #808080;\">Anadolu\u2019da sevgi, ho\u015fg\u00f6r\u00fc, bar\u0131\u015f gibi de\u011ferlerimizin k\u00f6k salmas\u0131nda \u00f6nc\u00fcl\u00fck eden; Hac\u0131 Bekta\u015fi Veli, Yunus Emre, Mevlana gibi Anadolu\u2019nun mimarlar\u0131 aras\u0131nda yer alan \u00fcnl\u00fc g\u00fcld\u00fcr\u00fc ustas\u0131 Nasreddin Hoca\u2019n\u0131n k\u00fclt\u00fcrel, felsefi ve mizahi y\u00f6n\u00fcyle daha fazla \u00f6ne \u00e7\u0131kar\u0131lmas\u0131 gerekmektedir. Y\u00fczy\u0131llar sonras\u0131na bile \u0131\u015f\u0131k tutan ince zek\u00e2s\u0131 ve f\u0131kralar\u0131yla Nasreddin Hoca\u2019m\u0131z\u0131n daha do\u011fru anla\u015f\u0131lmas\u0131 ve tan\u0131t\u0131lmas\u0131 ama\u00e7lanmaktad\u0131r.<\/span><br \/>\n<span style=\"font-family: verdana, geneva, sans-serif; font-size: 12pt; color: #808080;\">Uluslararas\u0131 Ak\u015fehir Nasreddin Hoca \u015eenli\u011fi\u2019ni farkl\u0131 bir isim ve vizyonla ger\u00e7ekle\u015ftirilmesi &#8221; Uluslararas\u0131 Ak\u015fehir Nasreddin Hoca Anma ve Mizah G\u00fcnleri&#8221;. Bu isim de\u011fi\u015fikli\u011fi ve etkinlik s\u00fcresinin art\u0131r\u0131lmas\u0131yla, hem Nasreddin Hoca\u2019m\u0131z her y\u00f6n\u00fcyle ele al\u0131nacak olup, hem de etkinli\u011fimizin \u00fclkemizin \u00e7e\u015fitli yerlerinde d\u00fczenlenen bir \u00fcr\u00fcn\u00fc tan\u0131tmaya y\u00f6nelik etkinliklerden de fark\u0131 ortaya sunulmu\u015f olacakt\u0131r.<\/span><br \/>\n<span style=\"font-family: verdana, geneva, sans-serif; font-size: 12pt; color: #808080;\">\u015eenlik ismi ise etkinliklerin i\u00e7erisinde bir b\u00f6l\u00fcm olacak; etkinlikler sadece Ak\u015fehir Halk\u0131\u2019n\u0131n e\u011flendi\u011fi bir etkinlik olmakla kalmay\u0131p; tarihi, k\u00fclt\u00fcrel ve folklorik de\u011ferlerimize dikkat \u00e7ekilerek, y\u0131l\u0131n her g\u00fcn\u00fc turist kazand\u0131rmay\u0131 hedefleyen \u00e7al\u0131\u015fmalar \u015feklinde olacakt\u0131r.<\/span><\/p>\n<div id='gallery-2' class='gallery galleryid-157 gallery-columns-3 gallery-size-full'><figure class='gallery-item'>\n\t\t\t<div class='gallery-icon landscape'>\n\t\t\t\t<img loading=\"lazy\" decoding=\"async\" width=\"300\" height=\"200\" src=\"https:\/\/aksehir.web.tr\/wp-content\/uploads\/2020\/12\/snk16.jpg\" class=\"attachment-full size-full\" alt=\"\" \/>\n\t\t\t<\/div><\/figure><figure class='gallery-item'>\n\t\t\t<div class='gallery-icon landscape'>\n\t\t\t\t<img loading=\"lazy\" decoding=\"async\" width=\"300\" height=\"200\" src=\"https:\/\/aksehir.web.tr\/wp-content\/uploads\/2020\/12\/snk20.jpg\" class=\"attachment-full size-full\" alt=\"\" \/>\n\t\t\t<\/div><\/figure><figure class='gallery-item'>\n\t\t\t<div class='gallery-icon landscape'>\n\t\t\t\t<img loading=\"lazy\" decoding=\"async\" width=\"300\" height=\"200\" src=\"https:\/\/aksehir.web.tr\/wp-content\/uploads\/2020\/12\/snk13.jpg\" class=\"attachment-full size-full\" alt=\"\" \/>\n\t\t\t<\/div><\/figure>\n\t\t<\/div>\n\n<p><span style=\"font-family: verdana, geneva, sans-serif; font-size: 12pt; color: #808080;\">Ak\u015fehir Belediyesi Nasreddin Hoca\u2019y\u0131 ve Ak\u015fehir\u2019i tan\u0131tma \u00e7al\u0131\u015fmalar\u0131n\u0131 s\u00fcrd\u00fcr\u00fcyor. Bu \u00e7al\u0131\u015fmalar kapsam\u0131nda Ak\u015fehir\u2019in Sosyal, Ekonomik ve K\u00fclt\u00fcrel y\u00f6nleriyle t\u00fcm T\u00fcrkiye ve D\u00fcnyaya tan\u0131t\u0131lmas\u0131n\u0131 \u00f6ng\u00f6ren etkinlikler yap\u0131l\u0131rken, temsili Nasreddin Hoca taraf\u0131ndan da yama\u00e7 para\u015f\u00fct\u00fc ile T\u00fcrkiye\u2019nin \u00e7e\u015fitli yerlerinde g\u00f6ky\u00fcz\u00fcne bar\u0131\u015f ve sevgi mayas\u0131 \u00e7al\u0131n\u0131yor.<\/span><\/p>\n<div id='gallery-3' class='gallery galleryid-157 gallery-columns-3 gallery-size-full'><figure class='gallery-item'>\n\t\t\t<div class='gallery-icon landscape'>\n\t\t\t\t<img loading=\"lazy\" decoding=\"async\" width=\"300\" height=\"200\" src=\"https:\/\/aksehir.web.tr\/wp-content\/uploads\/2020\/12\/snk22.jpg\" class=\"attachment-full size-full\" alt=\"\" \/>\n\t\t\t<\/div><\/figure><figure class='gallery-item'>\n\t\t\t<div class='gallery-icon landscape'>\n\t\t\t\t<img loading=\"lazy\" decoding=\"async\" width=\"300\" height=\"200\" src=\"https:\/\/aksehir.web.tr\/wp-content\/uploads\/2020\/12\/snk23.jpg\" class=\"attachment-full size-full\" alt=\"\" \/>\n\t\t\t<\/div><\/figure><figure class='gallery-item'>\n\t\t\t<div class='gallery-icon landscape'>\n\t\t\t\t<img loading=\"lazy\" decoding=\"async\" width=\"300\" height=\"200\" src=\"https:\/\/aksehir.web.tr\/wp-content\/uploads\/2020\/12\/snk24.jpg\" class=\"attachment-full size-full\" alt=\"\" \/>\n\t\t\t<\/div><\/figure><figure class='gallery-item'>\n\t\t\t<div class='gallery-icon landscape'>\n\t\t\t\t<img loading=\"lazy\" decoding=\"async\" width=\"300\" height=\"200\" src=\"https:\/\/aksehir.web.tr\/wp-content\/uploads\/2020\/12\/snk25.jpg\" class=\"attachment-full size-full\" alt=\"\" \/>\n\t\t\t<\/div><\/figure><figure class='gallery-item'>\n\t\t\t<div class='gallery-icon landscape'>\n\t\t\t\t<img loading=\"lazy\" decoding=\"async\" width=\"300\" height=\"200\" src=\"https:\/\/aksehir.web.tr\/wp-content\/uploads\/2020\/12\/snk14.jpg\" class=\"attachment-full size-full\" alt=\"\" \/>\n\t\t\t<\/div><\/figure><figure class='gallery-item'>\n\t\t\t<div class='gallery-icon landscape'>\n\t\t\t\t<img loading=\"lazy\" decoding=\"async\" width=\"300\" height=\"200\" src=\"https:\/\/aksehir.web.tr\/wp-content\/uploads\/2020\/12\/snk15.jpg\" class=\"attachment-full size-full\" alt=\"\" \/>\n\t\t\t<\/div><\/figure><figure class='gallery-item'>\n\t\t\t<div class='gallery-icon landscape'>\n\t\t\t\t<img loading=\"lazy\" decoding=\"async\" width=\"300\" height=\"200\" src=\"https:\/\/aksehir.web.tr\/wp-content\/uploads\/2020\/12\/snk17.jpg\" class=\"attachment-full size-full\" alt=\"\" \/>\n\t\t\t<\/div><\/figure><figure class='gallery-item'>\n\t\t\t<div class='gallery-icon landscape'>\n\t\t\t\t<img loading=\"lazy\" decoding=\"async\" width=\"300\" height=\"200\" src=\"https:\/\/aksehir.web.tr\/wp-content\/uploads\/2020\/12\/snk19.jpg\" class=\"attachment-full size-full\" alt=\"\" \/>\n\t\t\t<\/div><\/figure><figure class='gallery-item'>\n\t\t\t<div class='gallery-icon landscape'>\n\t\t\t\t<img loading=\"lazy\" decoding=\"async\" width=\"300\" height=\"200\" src=\"https:\/\/aksehir.web.tr\/wp-content\/uploads\/2020\/12\/snk21.jpg\" class=\"attachment-full size-full\" alt=\"\" \/>\n\t\t\t<\/div><\/figure>\n\t\t<\/div>\n\n","protected":false},"excerpt":{"rendered":"<p>F E S T \u0130 V A L ( 5-10 T E M M U Z ) Nasreddin Hoca; D\u00fcnya&#8217;n\u0131n<\/p>\n","protected":false},"author":1,"featured_media":0,"parent":0,"menu_order":0,"comment_status":"closed","ping_status":"closed","template":"","meta":{"footnotes":""},"class_list":["post-157","page","type-page","status-publish","hentry"],"yoast_head":"<!-- This site is optimized with the Yoast SEO plugin v27.6 - https:\/\/yoast.com\/product\/yoast-seo-wordpress\/ -->\n<title>- Ak\u015fehir.web.tr<\/title>\n<meta name=\"robots\" content=\"index, follow, max-snippet:-1, max-image-preview:large, max-video-preview:-1\" \/>\n<link rel=\"canonical\" href=\"https:\/\/aksehir.web.tr\/?page_id=157\" \/>\n<meta property=\"og:locale\" content=\"tr_TR\" \/>\n<meta property=\"og:type\" content=\"article\" \/>\n<meta property=\"og:title\" content=\"- Ak\u015fehir.web.tr\" \/>\n<meta property=\"og:description\" content=\"F E S T \u0130 V A L ( 5-10 T E M M U Z ) Nasreddin Hoca; D\u00fcnya&#8217;n\u0131n\" \/>\n<meta property=\"og:url\" content=\"https:\/\/aksehir.web.tr\/?page_id=157\" \/>\n<meta property=\"og:site_name\" content=\"Ak\u015fehir.web.tr\" \/>\n<meta property=\"article:modified_time\" content=\"2021-03-02T20:09:47+00:00\" \/>\n<meta property=\"og:image\" content=\"https:\/\/aksehir.web.tr\/wp-content\/uploads\/2020\/12\/snk53-crop-u24437.jpg\" \/>\n<meta name=\"twitter:card\" content=\"summary_large_image\" \/>\n<meta name=\"twitter:label1\" content=\"Tahmini okuma s\u00fcresi\" \/>\n\t<meta name=\"twitter:data1\" content=\"3 dakika\" \/>\n<script type=\"application\/ld+json\" class=\"yoast-schema-graph\">{\"@context\":\"https:\\\/\\\/schema.org\",\"@graph\":[{\"@type\":\"WebPage\",\"@id\":\"https:\\\/\\\/aksehir.web.tr\\\/?page_id=157\",\"url\":\"https:\\\/\\\/aksehir.web.tr\\\/?page_id=157\",\"name\":\"- Ak\u015fehir.web.tr\",\"isPartOf\":{\"@id\":\"https:\\\/\\\/aksehir.web.tr\\\/#website\"},\"datePublished\":\"2020-12-15T11:57:56+00:00\",\"dateModified\":\"2021-03-02T20:09:47+00:00\",\"inLanguage\":\"tr\",\"potentialAction\":[{\"@type\":\"ReadAction\",\"target\":[\"https:\\\/\\\/aksehir.web.tr\\\/?page_id=157\"]}]},{\"@type\":\"WebSite\",\"@id\":\"https:\\\/\\\/aksehir.web.tr\\\/#website\",\"url\":\"https:\\\/\\\/aksehir.web.tr\\\/\",\"name\":\"Ak\u015fehir\",\"description\":\"D\u00fcnyan\u0131n Ortas\u0131na Ho\u015fgeldiniz\",\"publisher\":{\"@id\":\"https:\\\/\\\/aksehir.web.tr\\\/#\\\/schema\\\/person\\\/6ab2d6737a97da61e188d3f186a6ffca\"},\"potentialAction\":[{\"@type\":\"SearchAction\",\"target\":{\"@type\":\"EntryPoint\",\"urlTemplate\":\"https:\\\/\\\/aksehir.web.tr\\\/?s={search_term_string}\"},\"query-input\":{\"@type\":\"PropertyValueSpecification\",\"valueRequired\":true,\"valueName\":\"search_term_string\"}}],\"inLanguage\":\"tr\"},{\"@type\":[\"Person\",\"Organization\"],\"@id\":\"https:\\\/\\\/aksehir.web.tr\\\/#\\\/schema\\\/person\\\/6ab2d6737a97da61e188d3f186a6ffca\",\"name\":\"admin\",\"image\":{\"@type\":\"ImageObject\",\"inLanguage\":\"tr\",\"@id\":\"https:\\\/\\\/aksehir.web.tr\\\/wp-content\\\/uploads\\\/2020\\\/12\\\/cropped-cropped-bbbaslik.png\",\"url\":\"https:\\\/\\\/aksehir.web.tr\\\/wp-content\\\/uploads\\\/2020\\\/12\\\/cropped-cropped-bbbaslik.png\",\"contentUrl\":\"https:\\\/\\\/aksehir.web.tr\\\/wp-content\\\/uploads\\\/2020\\\/12\\\/cropped-cropped-bbbaslik.png\",\"width\":960,\"height\":80,\"caption\":\"admin\"},\"logo\":{\"@id\":\"https:\\\/\\\/aksehir.web.tr\\\/wp-content\\\/uploads\\\/2020\\\/12\\\/cropped-cropped-bbbaslik.png\"}}]}<\/script>\n<!-- \/ Yoast SEO plugin. -->","yoast_head_json":{"title":"- Ak\u015fehir.web.tr","robots":{"index":"index","follow":"follow","max-snippet":"max-snippet:-1","max-image-preview":"max-image-preview:large","max-video-preview":"max-video-preview:-1"},"canonical":"https:\/\/aksehir.web.tr\/?page_id=157","og_locale":"tr_TR","og_type":"article","og_title":"- Ak\u015fehir.web.tr","og_description":"F E S T \u0130 V A L ( 5-10 T E M M U Z ) Nasreddin Hoca; D\u00fcnya&#8217;n\u0131n","og_url":"https:\/\/aksehir.web.tr\/?page_id=157","og_site_name":"Ak\u015fehir.web.tr","article_modified_time":"2021-03-02T20:09:47+00:00","og_image":[{"url":"https:\/\/aksehir.web.tr\/wp-content\/uploads\/2020\/12\/snk53-crop-u24437.jpg","type":"","width":"","height":""}],"twitter_card":"summary_large_image","twitter_misc":{"Tahmini okuma s\u00fcresi":"3 dakika"},"schema":{"@context":"https:\/\/schema.org","@graph":[{"@type":"WebPage","@id":"https:\/\/aksehir.web.tr\/?page_id=157","url":"https:\/\/aksehir.web.tr\/?page_id=157","name":"- Ak\u015fehir.web.tr","isPartOf":{"@id":"https:\/\/aksehir.web.tr\/#website"},"datePublished":"2020-12-15T11:57:56+00:00","dateModified":"2021-03-02T20:09:47+00:00","inLanguage":"tr","potentialAction":[{"@type":"ReadAction","target":["https:\/\/aksehir.web.tr\/?page_id=157"]}]},{"@type":"WebSite","@id":"https:\/\/aksehir.web.tr\/#website","url":"https:\/\/aksehir.web.tr\/","name":"Ak\u015fehir","description":"D\u00fcnyan\u0131n Ortas\u0131na Ho\u015fgeldiniz","publisher":{"@id":"https:\/\/aksehir.web.tr\/#\/schema\/person\/6ab2d6737a97da61e188d3f186a6ffca"},"potentialAction":[{"@type":"SearchAction","target":{"@type":"EntryPoint","urlTemplate":"https:\/\/aksehir.web.tr\/?s={search_term_string}"},"query-input":{"@type":"PropertyValueSpecification","valueRequired":true,"valueName":"search_term_string"}}],"inLanguage":"tr"},{"@type":["Person","Organization"],"@id":"https:\/\/aksehir.web.tr\/#\/schema\/person\/6ab2d6737a97da61e188d3f186a6ffca","name":"admin","image":{"@type":"ImageObject","inLanguage":"tr","@id":"https:\/\/aksehir.web.tr\/wp-content\/uploads\/2020\/12\/cropped-cropped-bbbaslik.png","url":"https:\/\/aksehir.web.tr\/wp-content\/uploads\/2020\/12\/cropped-cropped-bbbaslik.png","contentUrl":"https:\/\/aksehir.web.tr\/wp-content\/uploads\/2020\/12\/cropped-cropped-bbbaslik.png","width":960,"height":80,"caption":"admin"},"logo":{"@id":"https:\/\/aksehir.web.tr\/wp-content\/uploads\/2020\/12\/cropped-cropped-bbbaslik.png"}}]}},"_links":{"self":[{"href":"https:\/\/aksehir.web.tr\/index.php?rest_route=\/wp\/v2\/pages\/157","targetHints":{"allow":["GET"]}}],"collection":[{"href":"https:\/\/aksehir.web.tr\/index.php?rest_route=\/wp\/v2\/pages"}],"about":[{"href":"https:\/\/aksehir.web.tr\/index.php?rest_route=\/wp\/v2\/types\/page"}],"author":[{"embeddable":true,"href":"https:\/\/aksehir.web.tr\/index.php?rest_route=\/wp\/v2\/users\/1"}],"replies":[{"embeddable":true,"href":"https:\/\/aksehir.web.tr\/index.php?rest_route=%2Fwp%2Fv2%2Fcomments&post=157"}],"version-history":[{"count":10,"href":"https:\/\/aksehir.web.tr\/index.php?rest_route=\/wp\/v2\/pages\/157\/revisions"}],"predecessor-version":[{"id":700,"href":"https:\/\/aksehir.web.tr\/index.php?rest_route=\/wp\/v2\/pages\/157\/revisions\/700"}],"wp:attachment":[{"href":"https:\/\/aksehir.web.tr\/index.php?rest_route=%2Fwp%2Fv2%2Fmedia&parent=157"}],"curies":[{"name":"wp","href":"https:\/\/api.w.org\/{rel}","templated":true}]}}