{"id":831,"date":"2020-12-17T12:37:10","date_gmt":"2020-12-17T12:37:10","guid":{"rendered":"https:\/\/aksehir.web.tr\/?page_id=831"},"modified":"2021-05-02T08:55:28","modified_gmt":"2021-05-02T08:55:28","slug":"831-2","status":"publish","type":"page","link":"https:\/\/aksehir.web.tr\/?page_id=831","title":{"rendered":""},"content":{"rendered":"<p><span style=\"font-family: tahoma, arial, helvetica, sans-serif;\"><img loading=\"lazy\" decoding=\"async\" class=\"alignleft wp-image-914 \" src=\"https:\/\/aksehir.web.tr\/wp-content\/uploads\/2020\/12\/D.EMRE-BASKI-229x300.jpg\" alt=\"\" width=\"185\" height=\"242\" srcset=\"https:\/\/aksehir.web.tr\/wp-content\/uploads\/2020\/12\/D.EMRE-BASKI-229x300.jpg 229w, https:\/\/aksehir.web.tr\/wp-content\/uploads\/2020\/12\/D.EMRE-BASKI-782x1024.jpg 782w, https:\/\/aksehir.web.tr\/wp-content\/uploads\/2020\/12\/D.EMRE-BASKI-768x1006.jpg 768w, https:\/\/aksehir.web.tr\/wp-content\/uploads\/2020\/12\/D.EMRE-BASKI-1173x1536.jpg 1173w, https:\/\/aksehir.web.tr\/wp-content\/uploads\/2020\/12\/D.EMRE-BASKI-1564x2048.jpg 1564w, https:\/\/aksehir.web.tr\/wp-content\/uploads\/2020\/12\/D.EMRE-BASKI.jpg 1791w\" sizes=\"auto, (max-width: 185px) 100vw, 185px\" \/><\/span><\/p>\n<p><span style=\"color: #808080; font-size: 12pt; font-family: verdana, geneva, sans-serif;\">De\u011ferli hem\u015ferilerim, Ak\u015fehir de do\u011fup b\u00fcy\u00fcyen lise \u00f6\u011freniminden sonra Ak\u015fehir\u2019den ayr\u0131lan hem\u015ferinizim. En g\u00fczel \u00e7ocukluk ve gen\u00e7lik y\u0131llar\u0131m Ak\u015fehir de ge\u00e7ti. Uzun y\u0131llard\u0131r Ak\u015fehir\u2019den uzaktay\u0131m, \u0130\u00e7imdeki Ak\u015fehir sevgisi ve \u00f6zlemi hi\u00e7 kaybolmad\u0131. Ara s\u0131ra Ak\u015fehir\u2019e gelip \u00f6zlem gideriyorum.<\/span><\/p>\n<p><span style=\"color: #808080; font-size: 12pt; font-family: verdana, geneva, sans-serif;\">Bu web sitesini yapmaktaki amac\u0131m Ak\u015fehir\u2019imizin tarihini, g\u00fczelliklerini, adetlerini, \u015five ve deyimlerimizi, Nasredin Hoca\u2019m\u0131z\u0131 k\u0131sacas\u0131 k\u00fclt\u00fcr\u00fcm\u00fcz\u00fc sanal alemde tan\u0131tmak. Benim gibi Ak\u015fehir\u2019den uzak Ak\u015fehir sevdal\u0131lar\u0131na Ak\u015fehir\u2019i hat\u0131rlatmak. \u00d6zellikle gen\u00e7lerin Ak\u015fehirimizin k\u00fclt\u00fcr\u00fcn\u00fc unutmamalar\u0131 ve ya\u015fatmalar\u0131 i\u00e7in haz\u0131rlad\u0131m. Ben amat\u00f6rce bir\u015feyler yapma\u011fa \u00e7al\u0131\u015ft\u0131m, umar\u0131m benim gibi Ak\u015fehir\u2019den uzak Ak\u015fehir sevdal\u0131lar\u0131n\u0131n Ak\u015fehir \u00f6zlemini gidermelerine yard\u0131mc\u0131 olurum.Takdir hem\u015ferilerimin.<\/span><\/p>\n<p><span style=\"color: #808080; font-size: 12pt; font-family: verdana, geneva, sans-serif;\">Mutlaka eksik ve hatalar\u0131m vard\u0131r, sizlerden ricam eksiklerimi, hatal\u0131 olan bilgileri bana yazman\u0131z. \u015eimdiden de\u011ferli katk\u0131lar\u0131n\u0131z i\u00e7in te\u015fekk\u00fcr ederim. \u00d6zellikle deyimlerimiz ve me\u015fhurlar\u0131m\u0131z sayfalar\u0131n\u0131n eksiklerini tamamlamada Hayri \u015eahin ve e\u015fi Ay\u015fe \u015eahin ile <\/span><span style=\"color: #808080; font-size: 12pt; font-family: verdana, geneva, sans-serif;\">Osman \u0130nce Ak\u015fehir&#8217;li olma ve Ak\u015fehir\u2019in de\u011ferlerine sahip \u00e7\u0131kma anlam\u0131nda \u00e7ok yard\u0131mc\u0131 oldular, kendilerine te\u015fekk\u00fcr ederim.<\/span><\/p>\n<p><span style=\"color: #808080; font-size: 12pt; font-family: verdana, geneva, sans-serif;\">T\u00fcm hem\u015ferilerime sa\u011fl\u0131k ve esenlikler diler, de\u011ferli katk\u0131lar\u0131n\u0131z\u0131 beklerim. Sevgi ve sayg\u0131yla..<\/span><\/p>\n<p><span style=\"font-family: tahoma, arial, helvetica, sans-serif; font-size: 12pt;\">\u00a0<\/span><\/p>\n<p><span style=\"font-family: verdana, geneva, sans-serif; font-size: 12pt; color: #808080;\">Do\u011fan Emre-ANKARA -2013 \u0130leti\u015fim : <a href=\"mailto:hdemre@hotmail.com\">hdemre@hotmail.com<\/a><\/span><\/p>\n<p>&nbsp;<\/p>\n","protected":false},"excerpt":{"rendered":"<p>De\u011ferli hem\u015ferilerim, Ak\u015fehir de do\u011fup b\u00fcy\u00fcyen lise \u00f6\u011freniminden sonra Ak\u015fehir\u2019den ayr\u0131lan hem\u015ferinizim. En g\u00fczel \u00e7ocukluk ve gen\u00e7lik y\u0131llar\u0131m Ak\u015fehir de<\/p>\n","protected":false},"author":1,"featured_media":0,"parent":0,"menu_order":0,"comment_status":"closed","ping_status":"closed","template":"","meta":{"footnotes":""},"class_list":["post-831","page","type-page","status-publish","hentry"],"yoast_head":"<!-- This site is optimized with the Yoast SEO plugin v27.6 - https:\/\/yoast.com\/product\/yoast-seo-wordpress\/ -->\n<title>- Ak\u015fehir.web.tr<\/title>\n<meta name=\"robots\" content=\"index, follow, max-snippet:-1, max-image-preview:large, max-video-preview:-1\" \/>\n<link rel=\"canonical\" href=\"https:\/\/aksehir.web.tr\/?page_id=831\" \/>\n<meta property=\"og:locale\" content=\"tr_TR\" \/>\n<meta property=\"og:type\" content=\"article\" \/>\n<meta property=\"og:title\" content=\"- Ak\u015fehir.web.tr\" \/>\n<meta property=\"og:description\" content=\"De\u011ferli hem\u015ferilerim, Ak\u015fehir de do\u011fup b\u00fcy\u00fcyen lise \u00f6\u011freniminden sonra Ak\u015fehir\u2019den ayr\u0131lan hem\u015ferinizim. En g\u00fczel \u00e7ocukluk ve gen\u00e7lik y\u0131llar\u0131m Ak\u015fehir de\" \/>\n<meta property=\"og:url\" content=\"https:\/\/aksehir.web.tr\/?page_id=831\" \/>\n<meta property=\"og:site_name\" content=\"Ak\u015fehir.web.tr\" \/>\n<meta property=\"article:modified_time\" content=\"2021-05-02T08:55:28+00:00\" \/>\n<meta property=\"og:image\" content=\"https:\/\/aksehir.web.tr\/wp-content\/uploads\/2020\/12\/D.EMRE-BASKI-229x300.jpg\" \/>\n<meta name=\"twitter:card\" content=\"summary_large_image\" \/>\n<meta name=\"twitter:label1\" content=\"Tahmini okuma s\u00fcresi\" \/>\n\t<meta name=\"twitter:data1\" content=\"1 dakika\" \/>\n<script type=\"application\/ld+json\" class=\"yoast-schema-graph\">{\"@context\":\"https:\\\/\\\/schema.org\",\"@graph\":[{\"@type\":\"WebPage\",\"@id\":\"https:\\\/\\\/aksehir.web.tr\\\/?page_id=831\",\"url\":\"https:\\\/\\\/aksehir.web.tr\\\/?page_id=831\",\"name\":\"- Ak\u015fehir.web.tr\",\"isPartOf\":{\"@id\":\"https:\\\/\\\/aksehir.web.tr\\\/#website\"},\"primaryImageOfPage\":{\"@id\":\"https:\\\/\\\/aksehir.web.tr\\\/?page_id=831#primaryimage\"},\"image\":{\"@id\":\"https:\\\/\\\/aksehir.web.tr\\\/?page_id=831#primaryimage\"},\"thumbnailUrl\":\"https:\\\/\\\/aksehir.web.tr\\\/wp-content\\\/uploads\\\/2020\\\/12\\\/D.EMRE-BASKI-229x300.jpg\",\"datePublished\":\"2020-12-17T12:37:10+00:00\",\"dateModified\":\"2021-05-02T08:55:28+00:00\",\"inLanguage\":\"tr\",\"potentialAction\":[{\"@type\":\"ReadAction\",\"target\":[\"https:\\\/\\\/aksehir.web.tr\\\/?page_id=831\"]}]},{\"@type\":\"ImageObject\",\"inLanguage\":\"tr\",\"@id\":\"https:\\\/\\\/aksehir.web.tr\\\/?page_id=831#primaryimage\",\"url\":\"https:\\\/\\\/aksehir.web.tr\\\/wp-content\\\/uploads\\\/2020\\\/12\\\/D.EMRE-BASKI.jpg\",\"contentUrl\":\"https:\\\/\\\/aksehir.web.tr\\\/wp-content\\\/uploads\\\/2020\\\/12\\\/D.EMRE-BASKI.jpg\",\"width\":1791,\"height\":2345},{\"@type\":\"WebSite\",\"@id\":\"https:\\\/\\\/aksehir.web.tr\\\/#website\",\"url\":\"https:\\\/\\\/aksehir.web.tr\\\/\",\"name\":\"Ak\u015fehir\",\"description\":\"D\u00fcnyan\u0131n Ortas\u0131na Ho\u015fgeldiniz\",\"publisher\":{\"@id\":\"https:\\\/\\\/aksehir.web.tr\\\/#\\\/schema\\\/person\\\/6ab2d6737a97da61e188d3f186a6ffca\"},\"potentialAction\":[{\"@type\":\"SearchAction\",\"target\":{\"@type\":\"EntryPoint\",\"urlTemplate\":\"https:\\\/\\\/aksehir.web.tr\\\/?s={search_term_string}\"},\"query-input\":{\"@type\":\"PropertyValueSpecification\",\"valueRequired\":true,\"valueName\":\"search_term_string\"}}],\"inLanguage\":\"tr\"},{\"@type\":[\"Person\",\"Organization\"],\"@id\":\"https:\\\/\\\/aksehir.web.tr\\\/#\\\/schema\\\/person\\\/6ab2d6737a97da61e188d3f186a6ffca\",\"name\":\"admin\",\"image\":{\"@type\":\"ImageObject\",\"inLanguage\":\"tr\",\"@id\":\"https:\\\/\\\/aksehir.web.tr\\\/wp-content\\\/uploads\\\/2020\\\/12\\\/cropped-cropped-bbbaslik.png\",\"url\":\"https:\\\/\\\/aksehir.web.tr\\\/wp-content\\\/uploads\\\/2020\\\/12\\\/cropped-cropped-bbbaslik.png\",\"contentUrl\":\"https:\\\/\\\/aksehir.web.tr\\\/wp-content\\\/uploads\\\/2020\\\/12\\\/cropped-cropped-bbbaslik.png\",\"width\":960,\"height\":80,\"caption\":\"admin\"},\"logo\":{\"@id\":\"https:\\\/\\\/aksehir.web.tr\\\/wp-content\\\/uploads\\\/2020\\\/12\\\/cropped-cropped-bbbaslik.png\"}}]}<\/script>\n<!-- \/ Yoast SEO plugin. -->","yoast_head_json":{"title":"- Ak\u015fehir.web.tr","robots":{"index":"index","follow":"follow","max-snippet":"max-snippet:-1","max-image-preview":"max-image-preview:large","max-video-preview":"max-video-preview:-1"},"canonical":"https:\/\/aksehir.web.tr\/?page_id=831","og_locale":"tr_TR","og_type":"article","og_title":"- Ak\u015fehir.web.tr","og_description":"De\u011ferli hem\u015ferilerim, Ak\u015fehir de do\u011fup b\u00fcy\u00fcyen lise \u00f6\u011freniminden sonra Ak\u015fehir\u2019den ayr\u0131lan hem\u015ferinizim. En g\u00fczel \u00e7ocukluk ve gen\u00e7lik y\u0131llar\u0131m Ak\u015fehir de","og_url":"https:\/\/aksehir.web.tr\/?page_id=831","og_site_name":"Ak\u015fehir.web.tr","article_modified_time":"2021-05-02T08:55:28+00:00","og_image":[{"url":"https:\/\/aksehir.web.tr\/wp-content\/uploads\/2020\/12\/D.EMRE-BASKI-229x300.jpg","type":"","width":"","height":""}],"twitter_card":"summary_large_image","twitter_misc":{"Tahmini okuma s\u00fcresi":"1 dakika"},"schema":{"@context":"https:\/\/schema.org","@graph":[{"@type":"WebPage","@id":"https:\/\/aksehir.web.tr\/?page_id=831","url":"https:\/\/aksehir.web.tr\/?page_id=831","name":"- Ak\u015fehir.web.tr","isPartOf":{"@id":"https:\/\/aksehir.web.tr\/#website"},"primaryImageOfPage":{"@id":"https:\/\/aksehir.web.tr\/?page_id=831#primaryimage"},"image":{"@id":"https:\/\/aksehir.web.tr\/?page_id=831#primaryimage"},"thumbnailUrl":"https:\/\/aksehir.web.tr\/wp-content\/uploads\/2020\/12\/D.EMRE-BASKI-229x300.jpg","datePublished":"2020-12-17T12:37:10+00:00","dateModified":"2021-05-02T08:55:28+00:00","inLanguage":"tr","potentialAction":[{"@type":"ReadAction","target":["https:\/\/aksehir.web.tr\/?page_id=831"]}]},{"@type":"ImageObject","inLanguage":"tr","@id":"https:\/\/aksehir.web.tr\/?page_id=831#primaryimage","url":"https:\/\/aksehir.web.tr\/wp-content\/uploads\/2020\/12\/D.EMRE-BASKI.jpg","contentUrl":"https:\/\/aksehir.web.tr\/wp-content\/uploads\/2020\/12\/D.EMRE-BASKI.jpg","width":1791,"height":2345},{"@type":"WebSite","@id":"https:\/\/aksehir.web.tr\/#website","url":"https:\/\/aksehir.web.tr\/","name":"Ak\u015fehir","description":"D\u00fcnyan\u0131n Ortas\u0131na Ho\u015fgeldiniz","publisher":{"@id":"https:\/\/aksehir.web.tr\/#\/schema\/person\/6ab2d6737a97da61e188d3f186a6ffca"},"potentialAction":[{"@type":"SearchAction","target":{"@type":"EntryPoint","urlTemplate":"https:\/\/aksehir.web.tr\/?s={search_term_string}"},"query-input":{"@type":"PropertyValueSpecification","valueRequired":true,"valueName":"search_term_string"}}],"inLanguage":"tr"},{"@type":["Person","Organization"],"@id":"https:\/\/aksehir.web.tr\/#\/schema\/person\/6ab2d6737a97da61e188d3f186a6ffca","name":"admin","image":{"@type":"ImageObject","inLanguage":"tr","@id":"https:\/\/aksehir.web.tr\/wp-content\/uploads\/2020\/12\/cropped-cropped-bbbaslik.png","url":"https:\/\/aksehir.web.tr\/wp-content\/uploads\/2020\/12\/cropped-cropped-bbbaslik.png","contentUrl":"https:\/\/aksehir.web.tr\/wp-content\/uploads\/2020\/12\/cropped-cropped-bbbaslik.png","width":960,"height":80,"caption":"admin"},"logo":{"@id":"https:\/\/aksehir.web.tr\/wp-content\/uploads\/2020\/12\/cropped-cropped-bbbaslik.png"}}]}},"_links":{"self":[{"href":"https:\/\/aksehir.web.tr\/index.php?rest_route=\/wp\/v2\/pages\/831","targetHints":{"allow":["GET"]}}],"collection":[{"href":"https:\/\/aksehir.web.tr\/index.php?rest_route=\/wp\/v2\/pages"}],"about":[{"href":"https:\/\/aksehir.web.tr\/index.php?rest_route=\/wp\/v2\/types\/page"}],"author":[{"embeddable":true,"href":"https:\/\/aksehir.web.tr\/index.php?rest_route=\/wp\/v2\/users\/1"}],"replies":[{"embeddable":true,"href":"https:\/\/aksehir.web.tr\/index.php?rest_route=%2Fwp%2Fv2%2Fcomments&post=831"}],"version-history":[{"count":14,"href":"https:\/\/aksehir.web.tr\/index.php?rest_route=\/wp\/v2\/pages\/831\/revisions"}],"predecessor-version":[{"id":2491,"href":"https:\/\/aksehir.web.tr\/index.php?rest_route=\/wp\/v2\/pages\/831\/revisions\/2491"}],"wp:attachment":[{"href":"https:\/\/aksehir.web.tr\/index.php?rest_route=%2Fwp%2Fv2%2Fmedia&parent=831"}],"curies":[{"name":"wp","href":"https:\/\/api.w.org\/{rel}","templated":true}]}}